{"id":16193,"date":"2021-01-13T00:34:16","date_gmt":"2021-01-13T00:34:16","guid":{"rendered":"https:\/\/all4jets.com\/polityka-prywatnosci\/"},"modified":"2024-10-10T19:44:08","modified_gmt":"2024-10-10T19:44:08","slug":"polityka-prywatnosci","status":"publish","type":"page","link":"https:\/\/all4jets.com\/pl\/polityka-prywatnosci\/","title":{"rendered":"Polityka prywatno\u015bci"},"content":{"rendered":"<ol>\n<li>Niniejsza Polityka Prywatno\u015bci okre\u015bla zasady gromadzenia, przetwarzania i wykorzystywania danych osobowych pozyskanych przez serwis internetowy all4jets.com (zwany dalej: \u201eSerwisem\u201d).<\/li>\n<li>W\u0142a\u015bcicielem Serwisu i jednocze\u015bnie administratorem danych jest ALL4JETS Sp. z o.o. (dawniej ALL4JETS Sp. z o.o. Sp. k.) z siedzib\u0105 w Warszawie (02-146), ul. Komitetu Obrony Robotnik\u00f3w 48, NIP: 5213648259, REGON: 146653393, wpisana do Rejestru Przedsi\u0119biorc\u00f3w Krajowego Rejestru S\u0105dowego prowadzonego przez S\u0105d Rejonowy dla m.st. Warszawy w Warszawie, XIII Wydzia\u0142 Gospodarczy Krajowego Rejestru S\u0105dowego pod numerem KRS 0001092309, zwana dalej ALL4JETS.<\/li>\n<li>ALL4JETS dok\u0142ada szczeg\u00f3lnej staranno\u015bci do poszanowania prywatno\u015bci U\u017cytkownik\u00f3w odwiedzaj\u0105cych Serwis.<\/li>\n<\/ol>\n<h4>\u00a7 1 Jak zbieramy dane?<\/h4>\n<ol>\n<li>ALL4JETS zbiera informacje dotycz\u0105ce os\u00f3b fizycznych dokonuj\u0105cych czynno\u015bci prawnej niezwi\u0105zanej bezpo\u015brednio z ich dzia\u0142alno\u015bci\u0105, os\u00f3b fizycznych prowadz\u0105cych we w\u0142asnym imieniu dzia\u0142alno\u015b\u0107 gospodarcz\u0105 lub zawodow\u0105 oraz os\u00f3b fizycznych reprezentuj\u0105cych osoby prawne lub jednostki organizacyjne nieb\u0119d\u0105ce osobami prawnymi, kt\u00f3rym ustawa przyznaje zdolno\u015b\u0107 prawn\u0105, prowadz\u0105ce we w\u0142asnym imieniu dzia\u0142alno\u015b\u0107 gospodarcz\u0105 lub zawodow\u0105, zwani dalej \u0142\u0105cznie jako U\u017cytkownicy.<\/li>\n<li>W przypadku rejestracji konta w Serwisie, zbierane s\u0105 nast\u0119puj\u0105ce dane osobowe:\n<ol>\n<li>adres e-mail;<\/li>\n<li>dane adresowe:<\/li>\n<li>kod pocztowy i miejscowo\u015b\u0107;<\/li>\n<li>kraj (pa\u0144stwo);<\/li>\n<li>ulica wraz z numerem domu\/mieszkania.<\/li>\n<li>imi\u0119 i nazwisko;<\/li>\n<li>nazwa firmy;<\/li>\n<li>numer NIP;<\/li>\n<li>numer telefonu.<\/li>\n<\/ol>\n<\/li>\n<li>W przypadku uzupe\u0142nienia profilu, U\u017cytkownik mo\u017ce poda\u0107 nast\u0119puj\u0105ce dane:\n<ol>\n<li>data urodzenia;<\/li>\n<li>miejsce urodzenia.<\/li>\n<\/ol>\n<\/li>\n<li>Podczas rejestracji konta w Serwisie, U\u017cytkownik samodzielnie ustala indywidualne has\u0142o dost\u0119pu do swojego konta. U\u017cytkownik mo\u017ce zmieni\u0107 has\u0142o w p\u00f3\u017aniejszym czasie, na zasadach opisanych w \u00a7 4.<\/li>\n<li>Podczas korzystania ze stron internetowych Serwisu, mog\u0105 by\u0107 pobierane dodatkowe informacje, w szczeg\u00f3lno\u015bci: adres IP przypisany do Pa\u0144stwa komputera lub zewn\u0119trzny adres IP dostawcy Internetu, nazwa domeny, rodzaj przegl\u0105darki, czas dost\u0119pu, typ systemu operacyjnego.<\/li>\n<li>Od U\u017cytkownik\u00f3w mog\u0105 by\u0107 tak\u017ce gromadzone dane nawigacyjne, w tym informacje o linkach i odno\u015bnikach, w kt\u00f3re zdecyduj\u0105 si\u0119 klikn\u0105\u0107 lub innych czynno\u015bciach podejmowanych w naszym Serwisie.<\/li>\n<li>Inne dane, o kt\u00f3re U\u017cytkownik mo\u017ce by\u0107 poproszony podczas korzystania z Serwisu, w celu zawarcia umowy na korzystanie z us\u0142ug ALL4JETS:\n<ol>\n<li>firma, kt\u00f3r\u0105 U\u017cytkownik reprezentuje dane Firmy: NIP, KRS, imi\u0119 i nazwisko osoby upowa\u017cnionej do reprezentacji, jej adres email imiona i nazwiska kursant\u00f3w, ich adresy email, numery telefon\u00f3w<\/li>\n<\/ol>\n<\/li>\n<li>Je\u015bli chcesz od nas otrzymywa\u0107 newslettery z promocjami i ofertami, poprosimy o:\n<ol>\n<li>adres email<\/li>\n<li>opcjonalnie imi\u0119<\/li>\n<\/ol>\n<\/li>\n<\/ol>\n<h4>\u00a7 2 Jak wykorzystujemy zebrane dane?<\/h4>\n<ol>\n<li>ALL4JETS wykorzystuje zebrane dane osobowe w celach:\n<ol>\n<li>realizacji us\u0142ug \u015bwiadczonych drog\u0105 elektroniczn\u0105 za po\u015brednictwem Serwisu<\/li>\n<li>realizacji innych us\u0142ug wchodz\u0105cych w sk\u0142ad dzia\u0142alno\u015bci ALL4JETS<br \/>\nmarketingowych, tzn. przesy\u0142ania informacji handlowych. Przed ich wys\u0142aniem, zawsze pytamy o zgod\u0119.<\/li>\n<li>analitycznych<\/li>\n<li>archiwalnych<\/li>\n<\/ol>\n<\/li>\n<li>Dane nawigacyjne mog\u0105 by\u0107 wykorzystywane w celu zapewnienia U\u017cytkownikom lepszej obs\u0142ugi, analizy danych statystycznych i dostosowania Serwisu do preferencji U\u017cytkownik\u00f3w, administrowania Serwisem, a tak\u017ce dostosowania do U\u017cytkownika wy\u015bwietlanych reklam na stronach internetowych Serwisu.<\/li>\n<li>Twoje dane osobowe przetwarzane s\u0105 wy\u0142\u0105cznie za Twoj\u0105 zgod\u0105 i\/lub gdy wymagaj\u0105 tego przepisy.<\/li>\n<li>Niekt\u00f3re Twoje dane przetwarzamy w spos\u00f3b zautomatyzowany (w tym, w formie profilowania), jednak\u017ce nie b\u0119dzie to wywo\u0142ywa\u0107 wobec Ciebie \u017cadnych skutk\u00f3w prawnych lub istotnie wp\u0142ywa\u0107 na Twoj\u0105 sytuacj\u0119. Profilowanie danych osobowych przez nas polega na przetwarzaniu twoich danych (r\u00f3wnie\u017c w spos\u00f3b zautomatyzowany), poprzez wykorzystywanie ich do oceny niekt\u00f3rych informacji o Tobie, w szczeg\u00f3lno\u015bci do analizy osobistych preferencji oraz zainteresowa\u0144.<\/li>\n<li>Gdy przeka\u017cesz nam swoje dane osobowe, stajemy si\u0119 ich administratorem zgodnie z art. 4 pkt 7 Rozporz\u0105dzenia Rady (UE) nr 2016\/679 z dnia 27 kwietnia 2016 r. w sprawie ochrony os\u00f3b fizycznych w zwi\u0105zku z przetwarzaniem danych osobowych i w sprawie swobodnego przep\u0142ywu takich danych oraz uchylenia Dyrektywy 95\/46\/we (Og\u00f3lne Rozporz\u0105dzenie o Ochronie Danych Osobowych, tzw. RODO)<\/li>\n<li>Przechowujemy Twoje DANE OSOBOWE przez czas obowi\u0105zywania umowy zawartej z nami, a tak\u017ce po jej zako\u0144czeniu, w celach wykonania obowi\u0105zk\u00f3w wynikaj\u0105cych z przepis\u00f3w prawa, jednak w \u017cadnym przypadku nie d\u0142u\u017cej, ni\u017c przez okres konieczny dla realizacji celu przetwarzania danych.<\/li>\n<li>Co mo\u017cesz zrobi\u0107 z przetwarzanymi przez nas Twoimi DANYMI OSOBOWYMI?\n<ol>\n<li>uzyska\u0107 od nas informacj\u0119, jakie dane i w jaki spos\u00f3b s\u0105 przetwarzane<\/li>\n<li>poprawia\u0107 oraz aktualizowa\u0107 swoje DANE OSOBOWE<\/li>\n<li>odwo\u0142a\u0107 zgod\u0119 na przetwarzanie Twoich DANYCH OSOBOWYCH<\/li>\n<li>\u017c\u0105da\u0107 usuni\u0119cia Twoich DANYCH OSOBOWYCH w cz\u0119\u015bci lub w ca\u0142o\u015bci<\/li>\n<li>wnie\u015b\u0107 skarg\u0119 do organu nadzorczego.<\/li>\n<\/ol>\n<\/li>\n<li>Dbamy o bezpiecze\u0144stwo Twoich DANYCH OSOBOWYCH stosuj\u0105c procedury oraz zachowuj\u0105c poufno\u015b\u0107 przekazanych informacji. Wykorzystujemy, wymagane przez odpowiednie regulacje, \u015brodki w celu ochrony dostarczonych DANYCH OSOBOWYCH, takie jak:\n<ol>\n<li>odpowiednie \u015brodki techniczne i organizacyjne w celu zapewnienia ochrony przetwarzanych danych osobowych w zakresie odpowiadaj\u0105cym ryzyku naruszenia praw i wolno\u015bci os\u00f3b, kt\u00f3rych dane s\u0105 przetwarzane<\/li>\n<li>dane s\u0105 przetwarzane z uwzgl\u0119dnieniem zasady domy\u015blnej ochrony danych<\/li>\n<li>dane przetwarzane s\u0105 na wypadek przypadkowego lub niezgodnego z prawem zniszczenia, utraty, zmiany, nieuprawnionego ujawnienia lub dost\u0119pu do danych osobowych<\/li>\n<li>przechowujemy dokumentacj\u0119 wymagan\u0105 przez prawo, w tym odpowiedni\u0105 polityk\u0119 ochrony danych<\/li>\n<li>powierzamy ochron\u0119 danych wy\u0142\u0105cznie osobom posiadaj\u0105cym odpowiednie uprawnienia<\/li>\n<li>prowadzimy ewidencj\u0119 os\u00f3b upowa\u017cnionych do przetwarzania danych osobowych<\/li>\n<li>kontrolujemy, kt\u00f3re dane, kiedy i przez kogo zosta\u0142y dostarczone i komu je przekazano<\/li>\n<\/ol>\n<\/li>\n<\/ol>\n<h4>\u00a7 3 Mechanizm cookies, adres IP<\/h4>\n<ol>\n<li>Serwis u\u017cywa niewielkich plik\u00f3w zwanych cookies. Zapisywane s\u0105 one przez ALL4JETS za po\u015brednictwem Serwisu na komputerze osoby odwiedzaj\u0105cej Serwis, je\u017celi przegl\u0105darka internetowa na to pozwala. Pliki cookie zwykle zawieraj\u0105 nazw\u0119 domeny, z kt\u00f3rej pochodz\u0105, sw\u00f3j \u201eczas wyga\u015bni\u0119cia\u201d oraz indywidualn\u0105, losowo wybran\u0105 liczb\u0119 identyfikuj\u0105c\u0105 te pliki. Informacje zbierane za pomoc\u0105 plik\u00f3w tego typu pomagaj\u0105 dostosowywa\u0107 oferowane przez ALL4JETS us\u0142ugi do indywidualnych preferencji i rzeczywistych potrzeb os\u00f3b odwiedzaj\u0105cych Serwis. Daje to te\u017c mo\u017cliwo\u015b\u0107 opracowywania og\u00f3lnych statystyk wy\u015bwietle\u0144 prezentowanych informacji w Serwisie.<\/li>\n<li>ALL4JETS wykorzystuje dwa typy plik\u00f3w cookies:\n<ol>\n<li>cookies sesyjne: po zako\u0144czeniu sesji danej przegl\u0105darki lub wy\u0142\u0105czeniu komputera zapisane informacje s\u0105 usuwane z pami\u0119ci urz\u0105dzenia. Mechanizm cookies sesyjnych nie pozwala na pobieranie jakichkolwiek danych osobowych ani \u017cadnych informacji poufnych z komputera U\u017cytkownik\u00f3w;<\/li>\n<li>cookies trwa\u0142e: s\u0105 przechowywane na dysku twardym komputera U\u017cytkownika i pozostaj\u0105 tam do momentu ich skasowania.<\/li>\n<\/ol>\n<\/li>\n<li>ALL4JETS wykorzystuje cookies w\u0142asne w celu:\n<ol>\n<li>uwierzytelniania U\u017cytkownika w Serwisie i zapewnienia sesji U\u017cytkownika w Serwisie (po zalogowaniu), dzi\u0119ki kt\u00f3rej U\u017cytkownik nie musi na ka\u017cdej podstronie Serwisu ponownie wpisywa\u0107 loginu i has\u0142a;<\/li>\n<li>analiz i bada\u0144 oraz audytu ogl\u0105dalno\u015bci, a w szczeg\u00f3lno\u015bci do tworzenia anonimowych statystyk, kt\u00f3re pomagaj\u0105 zrozumie\u0107, w jaki spos\u00f3b U\u017cytkownicy Serwisu korzystaj\u0105 ze stron internetowych Serwisu, co umo\u017cliwia ulepszanie ich struktury i zawarto\u015bci.<\/li>\n<\/ol>\n<\/li>\n<li>ALL4JETS wykorzystuje cookies zewn\u0119trzne w celu:\n<ol>\n<li>zbierania og\u00f3lnych i anonimowych danych statycznych za po\u015brednictwem narz\u0119dzi analitycznych Google Analytics (administrator cookies zewn\u0119trznego: Google Inc z siedzib\u0105 w USA);<\/li>\n<li>zbierania og\u00f3lnych i anonimowych danych statycznych za po\u015brednictwem narz\u0119dzi analitycznych cloudflare.com (administrator cookies zewn\u0119trznego: CloudFlare Inc z siedzib\u0105 w USA);<\/li>\n<\/ol>\n<\/li>\n<li>Mechanizm cookies jest bezpieczny dla komputer\u00f3w U\u017cytkownik\u00f3w Serwisu. W szczeg\u00f3lno\u015bci t\u0105 drog\u0105 nie jest mo\u017cliwe przedostanie si\u0119 do komputer\u00f3w U\u017cytkownik\u00f3w wirus\u00f3w lub innego niechcianego oprogramowania lub oprogramowania z\u0142o\u015bliwego. Niemniej w swoich przegl\u0105darkach U\u017cytkownicy maj\u0105 mo\u017cliwo\u015b\u0107 ograniczenia lub wy\u0142\u0105czenia dost\u0119pu plik\u00f3w cookies do komputer\u00f3w. W przypadku skorzystania z tej opcji, korzystanie z Serwisu b\u0119dzie mo\u017cliwe poza funkcjami, kt\u00f3re ze swojej natury wymagaj\u0105 plik\u00f3w cookies.<\/li>\n<li>Poni\u017cej przedstawiamy jak mo\u017cna zmieni\u0107 ustawienia popularnych przegl\u0105darek internetowych w zakresie stosowania plik\u00f3w cookies:\n<ol>\n<li>przegl\u0105darka Internet Explorer;<\/li>\n<li>przegl\u0105darka Mozilla Firefox;<\/li>\n<li>przegl\u0105darka Chrome;<\/li>\n<li>przegl\u0105darka Safari;<\/li>\n<li>przegl\u0105darka Opera.<\/li>\n<\/ol>\n<\/li>\n<li>ALL4JETS mo\u017ce gromadzi\u0107 Pa\u0144stwa adresy IP. Adres IP to numer przydzielany komputerowi osoby odwiedzaj\u0105cej Serwis przez dostawc\u0119 us\u0142ug internetowych. Numer IP umo\u017cliwia dost\u0119p do Internetu. W wi\u0119kszo\u015bci przypadk\u00f3w jest przypisywany komputerowi dynamicznie, tj. zmienia si\u0119 przy ka\u017cdym po\u0142\u0105czeniu z Internetem i z tego powodu traktowany jest powszechnie jako nieosobista informacja identyfikuj\u0105ca. Adres IP jest wykorzystywany przez ALL4JETS przy diagnozowaniu problem\u00f3w technicznych z serwerem, tworzeniu analiz statystycznych (np. okre\u015bleniu, z jakich region\u00f3w notujemy najwi\u0119cej odwiedzin), jako informacja przydatna przy administrowaniu i udoskonalaniu Serwisu, a tak\u017ce w celach bezpiecze\u0144stwa oraz ewentualnej identyfikacji obci\u0105\u017caj\u0105cych serwer, niepo\u017c\u0105danych automatycznych program\u00f3w do przegl\u0105dania tre\u015bci Serwisu.<br \/>\nSerwis zawiera linki i odno\u015bniki do innych stron internetowych.<\/li>\n<li>ALL4JETS nie ponosi odpowiedzialno\u015bci za zasady ochrony prywatno\u015bci na nich obowi\u0105zuj\u0105ce. Z tego powodu zach\u0119camy Pa\u0144stwa, by po przej\u015bciu za po\u015brednictwem Serwisu na stron\u0119 zarz\u0105dzan\u0105 przez innego administratora, zapozna\u0107 si\u0119 z polityk\u0105 prywatno\u015bci tam przyj\u0119t\u0105.<\/li>\n<\/ol>\n<h4>\u00a7 4 Dost\u0119p do danych osobowych i zabezpieczenia<\/h4>\n<ol>\n<li>Dane osobowe zbierane przez ALL4JETS za po\u015brednictwem Serwisu s\u0105 przetwarzane zgodnie z Rozporz\u0105dzeniem Parlamentu Europejskiego i Rady (UE) nr 2016\/679 z dnia 27 kwietnia 2016 r. w sprawie ochrony os\u00f3b fizycznych w zwi\u0105zku z przetwarzaniem danych osobowych i w sprawie swobodnego przep\u0142ywu takich danych oraz uchylenia Dyrektywy 95\/46\/we (Og\u00f3lne Rozporz\u0105dzenie o Ochronie Danych Osobowych, tzw. RODO)<\/li>\n<li>Dost\u0119p do danych osobowych U\u017cytkownik\u00f3w, zbieranych za po\u015brednictwem Serwisu maj\u0105 jedynie uprawnieni pracownicy ALL4JETS.<\/li>\n<li>ALL4JETS zapewnia U\u017cytkownikom, kt\u00f3rzy posiadaj\u0105 konto, nieprzerwany dost\u0119p do swoich danych osobowych i mo\u017cliwo\u015b\u0107 ich modyfikacji w ka\u017cdej chwili. Dost\u0119p i modyfikacja danych osobowych U\u017cytkownik\u00f3w posiadaj\u0105cych konto mo\u017cliwe s\u0105 po zalogowaniu do konta w Serwisie.<\/li>\n<li>U\u017cytkownik ma mo\u017cliwo\u015b\u0107 usuni\u0119cia danych osobowych ze zbioru danych. ALL4JETS mo\u017ce odm\u00f3wi\u0107 usuni\u0119cia danych U\u017cytkownika, je\u015bli ten naruszy\u0142 obowi\u0105zuj\u0105cy w Serwisie regulamin, a zachowanie danych jest niezb\u0119dne do wyja\u015bnienia tych okoliczno\u015bci i ustalenia odpowiedzialno\u015bci, a w szczeg\u00f3lno\u015bci dochodzenia przez ALL4JETS roszcze\u0144 od danego U\u017cytkownika.<\/li>\n<li>W przypadku, gdy U\u017cytkownik posiadaj\u0105cy konto w Serwisie utraci\u0142 w jakikolwiek spos\u00f3b has\u0142o dost\u0119pu, Serwis umo\u017cliwia wygenerowanie nowego has\u0142a do konta w Serwisie. Serwis nie wysy\u0142a jednak przypomnienia has\u0142a. Has\u0142o U\u017cytkownika jest przechowywane w bazie danych w formie zaszyfrowanej, w spos\u00f3b uniemo\u017cliwiaj\u0105cy jego odczytanie. Celem ustalenia nowego has\u0142a nale\u017cy poda\u0107 adres e-mail w formularzu dost\u0119pnym pod linkiem \u201eNie pami\u0119tasz has\u0142a?\u201d, podanym przy formularzu logowania do konta w Serwisie. Na adres poczty elektronicznej podany podczas rejestracji lub zapisany w ostatniej zmianie profilu, zostanie wys\u0142ana przez ALL4JETS wiadomo\u015b\u0107 e-mail z unikalnym przekierowaniem na Stron\u0119 Internetow\u0105 Serwisu, po wybraniu kt\u00f3rego U\u017cytkownik b\u0119dzie mia\u0142 mo\u017cliwo\u015b\u0107 wybrania nowego Has\u0142a.<\/li>\n<li>ALL4JETS nigdy nie wysy\u0142a \u017cadnej korespondencji, w tym korespondencji elektronicznej z pro\u015bb\u0105 o podanie danych do logowania, a w szczeg\u00f3lno\u015bci has\u0142a dost\u0119powego do Konta U\u017cytkownika. Informacje takie nie s\u0105 r\u00f3wnie\u017c udost\u0119pniane drog\u0105 tradycyjnej korespondencji, e-mailow\u0105 lubi telefoniczn\u0105.<\/li>\n<\/ol>\n<h4>\u00a7 5 Zmiany Polityki Prywatno\u015bci<\/h4>\n<ol>\n<li>ALL4JETS zastrzega sobie prawo do zmiany niniejszej Polityki Prywatno\u015bci.<\/li>\n<li>Pytania zwi\u0105zane z Polityk\u0105 Prywatno\u015bci prosimy kierowa\u0107 na adres: rodo@all4jets.com lub poczt\u0105 na adres: ALL4JETS Sp. z o.o. ul.<\/li>\n<li>Komitetu Obrony Robotnik\u00f3w 48; 02-146 Warszawa<br \/>\nData ostatniej modyfikacji: 15.03.2024 r.<\/li>\n<\/ol>\n","protected":false},"excerpt":{"rendered":"<p>Niniejsza Polityka Prywatno\u015bci okre\u015bla zasady gromadzenia, przetwarzania i wykorzystywania danych osobowych pozyskanych przez serwis internetowy all4jets.com (zwany dalej: \u201eSerwisem\u201d). W\u0142a\u015bcicielem Serwisu i jednocze\u015bnie administratorem danych jest ALL4JETS Sp. z o.o. (dawniej ALL4JETS Sp. z o.o. Sp. k.) z siedzib\u0105 w Warszawie (02-146), ul. Komitetu Obrony Robotnik\u00f3w 48, NIP: 5213648259, REGON: 146653393, wpisana do Rejestru Przedsi\u0119biorc\u00f3w [&hellip;]<\/p>\n","protected":false},"author":2,"featured_media":0,"parent":0,"menu_order":41,"comment_status":"open","ping_status":"open","template":"","meta":{"_acf_changed":false,"inline_featured_image":false,"footnotes":""},"class_list":["post-16193","page","type-page","status-publish","hentry"],"acf":[],"yoast_head":"<!-- This site is optimized with the Yoast SEO plugin v27.2 - https:\/\/yoast.com\/product\/yoast-seo-wordpress\/ -->\n<title>Polityka prywatno\u015bci - all4jets<\/title>\n<meta name=\"robots\" content=\"index, follow, max-snippet:-1, max-image-preview:large, max-video-preview:-1\" \/>\n<link rel=\"canonical\" href=\"https:\/\/all4jets.com\/pl\/polityka-prywatnosci\/\" \/>\n<meta property=\"og:locale\" content=\"pl_PL\" \/>\n<meta property=\"og:type\" content=\"article\" \/>\n<meta property=\"og:title\" content=\"Polityka prywatno\u015bci - all4jets\" \/>\n<meta property=\"og:description\" content=\"Niniejsza Polityka Prywatno\u015bci okre\u015bla zasady gromadzenia, przetwarzania i wykorzystywania danych osobowych pozyskanych przez serwis internetowy all4jets.com (zwany dalej: \u201eSerwisem\u201d). W\u0142a\u015bcicielem Serwisu i jednocze\u015bnie administratorem danych jest ALL4JETS Sp. z o.o. (dawniej ALL4JETS Sp. z o.o. Sp. k.) z siedzib\u0105 w Warszawie (02-146), ul. Komitetu Obrony Robotnik\u00f3w 48, NIP: 5213648259, REGON: 146653393, wpisana do Rejestru Przedsi\u0119biorc\u00f3w [&hellip;]\" \/>\n<meta property=\"og:url\" content=\"https:\/\/all4jets.com\/pl\/polityka-prywatnosci\/\" \/>\n<meta property=\"og:site_name\" content=\"all4jets\" \/>\n<meta property=\"article:modified_time\" content=\"2024-10-10T19:44:08+00:00\" \/>\n<meta name=\"twitter:card\" content=\"summary_large_image\" \/>\n<meta name=\"twitter:label1\" content=\"Est. reading time\" \/>\n\t<meta name=\"twitter:data1\" content=\"10 minutes\" \/>\n<script type=\"application\/ld+json\" class=\"yoast-schema-graph\">{\"@context\":\"https:\/\/schema.org\",\"@graph\":[{\"@type\":\"WebPage\",\"@id\":\"https:\/\/all4jets.com\/pl\/polityka-prywatnosci\/\",\"url\":\"https:\/\/all4jets.com\/pl\/polityka-prywatnosci\/\",\"name\":\"Polityka prywatno\u015bci - all4jets\",\"isPartOf\":{\"@id\":\"https:\/\/all4jets.com\/pl\/#website\"},\"datePublished\":\"2021-01-13T00:34:16+00:00\",\"dateModified\":\"2024-10-10T19:44:08+00:00\",\"breadcrumb\":{\"@id\":\"https:\/\/all4jets.com\/pl\/polityka-prywatnosci\/#breadcrumb\"},\"inLanguage\":\"pl-PL\",\"potentialAction\":[{\"@type\":\"ReadAction\",\"target\":[\"https:\/\/all4jets.com\/pl\/polityka-prywatnosci\/\"]}]},{\"@type\":\"BreadcrumbList\",\"@id\":\"https:\/\/all4jets.com\/pl\/polityka-prywatnosci\/#breadcrumb\",\"itemListElement\":[{\"@type\":\"ListItem\",\"position\":1,\"name\":\"Home\",\"item\":\"https:\/\/dev-all4jets.headsapp.net\/pl\/\"},{\"@type\":\"ListItem\",\"position\":2,\"name\":\"Polityka prywatno\u015bci\"}]},{\"@type\":\"WebSite\",\"@id\":\"https:\/\/all4jets.com\/pl\/#website\",\"url\":\"https:\/\/all4jets.com\/pl\/\",\"name\":\"all4jets\",\"description\":\"\",\"potentialAction\":[{\"@type\":\"SearchAction\",\"target\":{\"@type\":\"EntryPoint\",\"urlTemplate\":\"https:\/\/all4jets.com\/pl\/?s={search_term_string}\"},\"query-input\":{\"@type\":\"PropertyValueSpecification\",\"valueRequired\":true,\"valueName\":\"search_term_string\"}}],\"inLanguage\":\"pl-PL\"}]}<\/script>\n<!-- \/ Yoast SEO plugin. -->","yoast_head_json":{"title":"Polityka prywatno\u015bci - all4jets","robots":{"index":"index","follow":"follow","max-snippet":"max-snippet:-1","max-image-preview":"max-image-preview:large","max-video-preview":"max-video-preview:-1"},"canonical":"https:\/\/all4jets.com\/pl\/polityka-prywatnosci\/","og_locale":"pl_PL","og_type":"article","og_title":"Polityka prywatno\u015bci - all4jets","og_description":"Niniejsza Polityka Prywatno\u015bci okre\u015bla zasady gromadzenia, przetwarzania i wykorzystywania danych osobowych pozyskanych przez serwis internetowy all4jets.com (zwany dalej: \u201eSerwisem\u201d). W\u0142a\u015bcicielem Serwisu i jednocze\u015bnie administratorem danych jest ALL4JETS Sp. z o.o. (dawniej ALL4JETS Sp. z o.o. Sp. k.) z siedzib\u0105 w Warszawie (02-146), ul. Komitetu Obrony Robotnik\u00f3w 48, NIP: 5213648259, REGON: 146653393, wpisana do Rejestru Przedsi\u0119biorc\u00f3w [&hellip;]","og_url":"https:\/\/all4jets.com\/pl\/polityka-prywatnosci\/","og_site_name":"all4jets","article_modified_time":"2024-10-10T19:44:08+00:00","twitter_card":"summary_large_image","twitter_misc":{"Est. reading time":"10 minutes"},"schema":{"@context":"https:\/\/schema.org","@graph":[{"@type":"WebPage","@id":"https:\/\/all4jets.com\/pl\/polityka-prywatnosci\/","url":"https:\/\/all4jets.com\/pl\/polityka-prywatnosci\/","name":"Polityka prywatno\u015bci - all4jets","isPartOf":{"@id":"https:\/\/all4jets.com\/pl\/#website"},"datePublished":"2021-01-13T00:34:16+00:00","dateModified":"2024-10-10T19:44:08+00:00","breadcrumb":{"@id":"https:\/\/all4jets.com\/pl\/polityka-prywatnosci\/#breadcrumb"},"inLanguage":"pl-PL","potentialAction":[{"@type":"ReadAction","target":["https:\/\/all4jets.com\/pl\/polityka-prywatnosci\/"]}]},{"@type":"BreadcrumbList","@id":"https:\/\/all4jets.com\/pl\/polityka-prywatnosci\/#breadcrumb","itemListElement":[{"@type":"ListItem","position":1,"name":"Home","item":"https:\/\/dev-all4jets.headsapp.net\/pl\/"},{"@type":"ListItem","position":2,"name":"Polityka prywatno\u015bci"}]},{"@type":"WebSite","@id":"https:\/\/all4jets.com\/pl\/#website","url":"https:\/\/all4jets.com\/pl\/","name":"all4jets","description":"","potentialAction":[{"@type":"SearchAction","target":{"@type":"EntryPoint","urlTemplate":"https:\/\/all4jets.com\/pl\/?s={search_term_string}"},"query-input":{"@type":"PropertyValueSpecification","valueRequired":true,"valueName":"search_term_string"}}],"inLanguage":"pl-PL"}]}},"_links":{"self":[{"href":"https:\/\/all4jets.com\/pl\/wp-json\/wp\/v2\/pages\/16193","targetHints":{"allow":["GET"]}}],"collection":[{"href":"https:\/\/all4jets.com\/pl\/wp-json\/wp\/v2\/pages"}],"about":[{"href":"https:\/\/all4jets.com\/pl\/wp-json\/wp\/v2\/types\/page"}],"author":[{"embeddable":true,"href":"https:\/\/all4jets.com\/pl\/wp-json\/wp\/v2\/users\/2"}],"replies":[{"embeddable":true,"href":"https:\/\/all4jets.com\/pl\/wp-json\/wp\/v2\/comments?post=16193"}],"version-history":[{"count":0,"href":"https:\/\/all4jets.com\/pl\/wp-json\/wp\/v2\/pages\/16193\/revisions"}],"wp:attachment":[{"href":"https:\/\/all4jets.com\/pl\/wp-json\/wp\/v2\/media?parent=16193"}],"curies":[{"name":"wp","href":"https:\/\/api.w.org\/{rel}","templated":true}]}}