{"id":18175,"date":"2024-10-21T08:34:07","date_gmt":"2024-10-21T08:34:07","guid":{"rendered":"https:\/\/all4jets.com\/services\/"},"modified":"2025-10-13T08:12:48","modified_gmt":"2025-10-13T08:12:48","slug":"services","status":"publish","type":"page","link":"https:\/\/all4jets.com\/pl\/services\/","title":{"rendered":"CAMO oraz wsparcie in\u017cynierskie"},"content":{"rendered":"\n<p>ALL4JETS \u015bwiadczy us\u0142ugi zarz\u0105dzania zdatno\u015bci\u0105 do lotu oraz doradztwa technicznego dla linii lotniczych, firm leasingowych i w\u0142a\u015bcicieli statk\u00f3w powietrznych.<br>Zesp\u00f3\u0142 CAMO wspiera samoloty na ka\u017cdym etapie ich cyklu \u017cycia &#8211; od wprowadzenia do eksploatacji po redelivery i projekty transition, zapewniaj\u0105c pe\u0142n\u0105 zgodno\u015b\u0107 z wymaganiami EASA oraz innych mi\u0119dzynarodowych nadzor\u00f3w lotniczych.<br>Dzia\u0142amy w oparciu o zatwierdzenia r\u00f3\u017cnych w\u0142adz, wsp\u00f3\u0142pracuj\u0105c z wieloma nadzorami lotniczymi na \u015bwiecie.<br>Na przestrzeni lat zbudowali\u015bmy zaufanie zar\u00f3wno w\u015br\u00f3d organ\u00f3w nadzorczych, jak i naszych klient\u00f3w &#8211; dzi\u0119ki rzetelno\u015bci, przejrzysto\u015bci i wysokim kompetencjom technicznym.<\/p>\n\n\n\n<p><br><strong>Typy samolot\u00f3w<\/strong><\/p>\n\n\n\n<ul class=\"wp-block-list\">\n<li>Airbus A318 \/ A319 \/ A320 \/ A321 (CEO &amp; NEO)<\/li>\n\n\n\n<li>Airbus A330 (-200 \/ -300 \/ -800 \/ -900)<\/li>\n\n\n\n<li>ATR 42 \/ 72<\/li>\n\n\n\n<li>Boeing 737 (CL \/ NG \/ MAX)<\/li>\n\n\n\n<li>Boeing 787 (-8 \/ -9 \/ -10)<\/li>\n\n\n\n<li>De Havilland DHC-8 Series 100\u2013400 (Q400)<\/li>\n\n\n\n<li>Embraer 170 \/ 175 \/ 190 \/ 195 (E1 &amp; E2)<\/li>\n\n\n\n<li>Bombardier CRJ Series 100\u20131000<\/li>\n<\/ul>\n\n\n\n<p><strong>ALL4JETS jest r\u00f3wnie\u017c w stanie zarz\u0105dza\u0107 ci\u0105g\u0142\u0105 zdatno\u015bci\u0105 do lotu r\u00f3\u017cnych typ\u00f3w samolot\u00f3w zarejestrowanych w nast\u0119puj\u0105cych rejestrach:<\/strong><\/p>\n\n\n\n<ul class=\"wp-block-list\">\n<li>Rejestr Statk\u00f3w Powietrznych San Marino (SMAR) \u201cT7-REG\u201d<\/li>\n\n\n\n<li>Rejestr Statk\u00f3w Powietrznych Wyspy Man (IOMAR) \u201cM-REG\u201d<\/li>\n\n\n\n<li>Rejestr Aruby \u201cP4-REG\u201d<\/li>\n\n\n\n<li>Rejestr FAA (USA) \u201cN-REG\u201d<\/li>\n<\/ul>\n\n\n\n<p><\/p>\n","protected":false},"excerpt":{"rendered":"<p>\u015awiadczymy us\u0142ugi CAMO (Continuing Airworthiness) dla linii lotniczych, leasingodawc\u00f3w i w\u0142a\u015bcicieli samolot\u00f3w \u2013 wspieraj\u0105c codzienn\u0105 eksploatacj\u0119 oraz projekty zwi\u0105zane z przej\u015bciem samolot\u00f3w. Nasz zesp\u00f3\u0142 ekspert\u00f3w z do\u015bwiadczeniem w liniach lotniczych i MRO realizuje zar\u00f3wno standardowe zadania CAMO, jak i z\u0142o\u017cone projekty, takie jak importy EASA, przej\u0119cia, dostawy\/redelivery, audyty i inspekcje.<\/p>\n","protected":false},"author":2,"featured_media":21466,"parent":0,"menu_order":23,"comment_status":"closed","ping_status":"closed","template":"","meta":{"_acf_changed":false,"inline_featured_image":false,"footnotes":""},"class_list":["post-18175","page","type-page","status-publish","has-post-thumbnail","hentry"],"acf":[],"yoast_head":"<!-- This site is optimized with the Yoast SEO plugin v27.2 - https:\/\/yoast.com\/product\/yoast-seo-wordpress\/ -->\n<title>CAMO oraz wsparcie in\u017cynierskie - all4jets<\/title>\n<meta name=\"robots\" content=\"index, follow, max-snippet:-1, max-image-preview:large, max-video-preview:-1\" \/>\n<link rel=\"canonical\" href=\"https:\/\/all4jets.com\/pl\/services\/\" \/>\n<meta property=\"og:locale\" content=\"pl_PL\" \/>\n<meta property=\"og:type\" content=\"article\" \/>\n<meta property=\"og:title\" content=\"CAMO oraz wsparcie in\u017cynierskie - all4jets\" \/>\n<meta property=\"og:description\" content=\"\u015awiadczymy us\u0142ugi CAMO (Continuing Airworthiness) dla linii lotniczych, leasingodawc\u00f3w i w\u0142a\u015bcicieli samolot\u00f3w \u2013 wspieraj\u0105c codzienn\u0105 eksploatacj\u0119 oraz projekty zwi\u0105zane z przej\u015bciem samolot\u00f3w. Nasz zesp\u00f3\u0142 ekspert\u00f3w z do\u015bwiadczeniem w liniach lotniczych i MRO realizuje zar\u00f3wno standardowe zadania CAMO, jak i z\u0142o\u017cone projekty, takie jak importy EASA, przej\u0119cia, dostawy\/redelivery, audyty i inspekcje.\" \/>\n<meta property=\"og:url\" content=\"https:\/\/all4jets.com\/pl\/services\/\" \/>\n<meta property=\"og:site_name\" content=\"all4jets\" \/>\n<meta property=\"article:modified_time\" content=\"2025-10-13T08:12:48+00:00\" \/>\n<meta property=\"og:image\" content=\"https:\/\/all4jets.com\/app\/uploads\/2025\/04\/AdobeStock_1018474615.jpeg\" \/>\n\t<meta property=\"og:image:width\" content=\"521\" \/>\n\t<meta property=\"og:image:height\" content=\"310\" \/>\n\t<meta property=\"og:image:type\" content=\"image\/jpeg\" \/>\n<meta name=\"twitter:card\" content=\"summary_large_image\" \/>\n<meta name=\"twitter:label1\" content=\"Est. reading time\" \/>\n\t<meta name=\"twitter:data1\" content=\"1 minute\" \/>\n<script type=\"application\/ld+json\" class=\"yoast-schema-graph\">{\"@context\":\"https:\/\/schema.org\",\"@graph\":[{\"@type\":\"WebPage\",\"@id\":\"https:\/\/all4jets.com\/pl\/services\/\",\"url\":\"https:\/\/all4jets.com\/pl\/services\/\",\"name\":\"CAMO oraz wsparcie in\u017cynierskie - all4jets\",\"isPartOf\":{\"@id\":\"https:\/\/all4jets.com\/pl\/#website\"},\"primaryImageOfPage\":{\"@id\":\"https:\/\/all4jets.com\/pl\/services\/#primaryimage\"},\"image\":{\"@id\":\"https:\/\/all4jets.com\/pl\/services\/#primaryimage\"},\"thumbnailUrl\":\"https:\/\/all4jets.com\/app\/uploads\/2025\/04\/AdobeStock_1018474615.jpeg\",\"datePublished\":\"2024-10-21T08:34:07+00:00\",\"dateModified\":\"2025-10-13T08:12:48+00:00\",\"breadcrumb\":{\"@id\":\"https:\/\/all4jets.com\/pl\/services\/#breadcrumb\"},\"inLanguage\":\"pl-PL\",\"potentialAction\":[{\"@type\":\"ReadAction\",\"target\":[\"https:\/\/all4jets.com\/pl\/services\/\"]}]},{\"@type\":\"ImageObject\",\"inLanguage\":\"pl-PL\",\"@id\":\"https:\/\/all4jets.com\/pl\/services\/#primaryimage\",\"url\":\"https:\/\/all4jets.com\/app\/uploads\/2025\/04\/AdobeStock_1018474615.jpeg\",\"contentUrl\":\"https:\/\/all4jets.com\/app\/uploads\/2025\/04\/AdobeStock_1018474615.jpeg\",\"width\":521,\"height\":310,\"caption\":\"Two men in hard hats stand near a large airplane.\"},{\"@type\":\"BreadcrumbList\",\"@id\":\"https:\/\/all4jets.com\/pl\/services\/#breadcrumb\",\"itemListElement\":[{\"@type\":\"ListItem\",\"position\":1,\"name\":\"Home\",\"item\":\"https:\/\/dev-all4jets.headsapp.net\/pl\/\"},{\"@type\":\"ListItem\",\"position\":2,\"name\":\"CAMO oraz wsparcie in\u017cynierskie\"}]},{\"@type\":\"WebSite\",\"@id\":\"https:\/\/all4jets.com\/pl\/#website\",\"url\":\"https:\/\/all4jets.com\/pl\/\",\"name\":\"all4jets\",\"description\":\"\",\"potentialAction\":[{\"@type\":\"SearchAction\",\"target\":{\"@type\":\"EntryPoint\",\"urlTemplate\":\"https:\/\/all4jets.com\/pl\/?s={search_term_string}\"},\"query-input\":{\"@type\":\"PropertyValueSpecification\",\"valueRequired\":true,\"valueName\":\"search_term_string\"}}],\"inLanguage\":\"pl-PL\"}]}<\/script>\n<!-- \/ Yoast SEO plugin. -->","yoast_head_json":{"title":"CAMO oraz wsparcie in\u017cynierskie - all4jets","robots":{"index":"index","follow":"follow","max-snippet":"max-snippet:-1","max-image-preview":"max-image-preview:large","max-video-preview":"max-video-preview:-1"},"canonical":"https:\/\/all4jets.com\/pl\/services\/","og_locale":"pl_PL","og_type":"article","og_title":"CAMO oraz wsparcie in\u017cynierskie - all4jets","og_description":"\u015awiadczymy us\u0142ugi CAMO (Continuing Airworthiness) dla linii lotniczych, leasingodawc\u00f3w i w\u0142a\u015bcicieli samolot\u00f3w \u2013 wspieraj\u0105c codzienn\u0105 eksploatacj\u0119 oraz projekty zwi\u0105zane z przej\u015bciem samolot\u00f3w. Nasz zesp\u00f3\u0142 ekspert\u00f3w z do\u015bwiadczeniem w liniach lotniczych i MRO realizuje zar\u00f3wno standardowe zadania CAMO, jak i z\u0142o\u017cone projekty, takie jak importy EASA, przej\u0119cia, dostawy\/redelivery, audyty i inspekcje.","og_url":"https:\/\/all4jets.com\/pl\/services\/","og_site_name":"all4jets","article_modified_time":"2025-10-13T08:12:48+00:00","og_image":[{"width":521,"height":310,"url":"https:\/\/all4jets.com\/app\/uploads\/2025\/04\/AdobeStock_1018474615.jpeg","type":"image\/jpeg"}],"twitter_card":"summary_large_image","twitter_misc":{"Est. reading time":"1 minute"},"schema":{"@context":"https:\/\/schema.org","@graph":[{"@type":"WebPage","@id":"https:\/\/all4jets.com\/pl\/services\/","url":"https:\/\/all4jets.com\/pl\/services\/","name":"CAMO oraz wsparcie in\u017cynierskie - all4jets","isPartOf":{"@id":"https:\/\/all4jets.com\/pl\/#website"},"primaryImageOfPage":{"@id":"https:\/\/all4jets.com\/pl\/services\/#primaryimage"},"image":{"@id":"https:\/\/all4jets.com\/pl\/services\/#primaryimage"},"thumbnailUrl":"https:\/\/all4jets.com\/app\/uploads\/2025\/04\/AdobeStock_1018474615.jpeg","datePublished":"2024-10-21T08:34:07+00:00","dateModified":"2025-10-13T08:12:48+00:00","breadcrumb":{"@id":"https:\/\/all4jets.com\/pl\/services\/#breadcrumb"},"inLanguage":"pl-PL","potentialAction":[{"@type":"ReadAction","target":["https:\/\/all4jets.com\/pl\/services\/"]}]},{"@type":"ImageObject","inLanguage":"pl-PL","@id":"https:\/\/all4jets.com\/pl\/services\/#primaryimage","url":"https:\/\/all4jets.com\/app\/uploads\/2025\/04\/AdobeStock_1018474615.jpeg","contentUrl":"https:\/\/all4jets.com\/app\/uploads\/2025\/04\/AdobeStock_1018474615.jpeg","width":521,"height":310,"caption":"Two men in hard hats stand near a large airplane."},{"@type":"BreadcrumbList","@id":"https:\/\/all4jets.com\/pl\/services\/#breadcrumb","itemListElement":[{"@type":"ListItem","position":1,"name":"Home","item":"https:\/\/dev-all4jets.headsapp.net\/pl\/"},{"@type":"ListItem","position":2,"name":"CAMO oraz wsparcie in\u017cynierskie"}]},{"@type":"WebSite","@id":"https:\/\/all4jets.com\/pl\/#website","url":"https:\/\/all4jets.com\/pl\/","name":"all4jets","description":"","potentialAction":[{"@type":"SearchAction","target":{"@type":"EntryPoint","urlTemplate":"https:\/\/all4jets.com\/pl\/?s={search_term_string}"},"query-input":{"@type":"PropertyValueSpecification","valueRequired":true,"valueName":"search_term_string"}}],"inLanguage":"pl-PL"}]}},"_links":{"self":[{"href":"https:\/\/all4jets.com\/pl\/wp-json\/wp\/v2\/pages\/18175","targetHints":{"allow":["GET"]}}],"collection":[{"href":"https:\/\/all4jets.com\/pl\/wp-json\/wp\/v2\/pages"}],"about":[{"href":"https:\/\/all4jets.com\/pl\/wp-json\/wp\/v2\/types\/page"}],"author":[{"embeddable":true,"href":"https:\/\/all4jets.com\/pl\/wp-json\/wp\/v2\/users\/2"}],"replies":[{"embeddable":true,"href":"https:\/\/all4jets.com\/pl\/wp-json\/wp\/v2\/comments?post=18175"}],"version-history":[{"count":14,"href":"https:\/\/all4jets.com\/pl\/wp-json\/wp\/v2\/pages\/18175\/revisions"}],"predecessor-version":[{"id":24972,"href":"https:\/\/all4jets.com\/pl\/wp-json\/wp\/v2\/pages\/18175\/revisions\/24972"}],"wp:featuredmedia":[{"embeddable":true,"href":"https:\/\/all4jets.com\/pl\/wp-json\/wp\/v2\/media\/21466"}],"wp:attachment":[{"href":"https:\/\/all4jets.com\/pl\/wp-json\/wp\/v2\/media?parent=18175"}],"curies":[{"name":"wp","href":"https:\/\/api.w.org\/{rel}","templated":true}]}}