{"id":18278,"date":"2024-10-23T07:09:56","date_gmt":"2024-10-23T07:09:56","guid":{"rendered":"https:\/\/all4jets.com\/aircraft-maintanance\/"},"modified":"2025-10-13T11:19:31","modified_gmt":"2025-10-13T11:19:31","slug":"aircraft-maintenance","status":"publish","type":"page","link":"https:\/\/all4jets.com\/pl\/aircraft-maintenance\/","title":{"rendered":"Obs\u0142uga techniczna"},"content":{"rendered":"\n<p>W ramach ALL4JETS Technics \u015bwiadczymy certyfikowane us\u0142ugi obs\u0142ugi technicznej statk\u00f3w powietrznych zgodnie z EASA Part-145 (PL.145.111), uzupe\u0142nione o dodatkowe zatwierdzenia: FAA, UK CAA, 2-REG, ANAC oraz Kazakh CAA.<br>Nasze mo\u017cliwo\u015bci obejmuj\u0105 szerok\u0105 gam\u0119 typ\u00f3w samolot\u00f3w:<br>Airbus A320 (CEO\/NEO), Airbus A330, ATR 42\/72, Boeing 737 CL\/NG\/MAX, DHC Q400, Embraer ERJ 170\/190 (E1\/E2) oraz wkr\u00f3tce Embraer EMB 135\/145, CASA CN-235.<br>Wykonujemy zar\u00f3wno obs\u0142ug\u0119 liniow\u0105, jak i wsparcie on-call \/ AOG, w naszej g\u0142\u00f3wnej bazie na lotnisku w Bydgoszczy (EPBY\/BZG) oraz w lokalizacjach klient\u00f3w na ca\u0142ym \u015bwiecie.<br><br><strong>Zakres us\u0142ug:<\/strong><br>\u2022 Przegl\u0105dy liniowe: A, transit, daily, weekly<br>\u2022 Szybkie wsparcie AOG i diagnostyka usterek<br>\u2022 Parking, przechowywanie i zabezpieczenie samolot\u00f3w<br>\u2022 Wsparcie przy dostawach i redelivery<br>\u2022 Rozbi\u00f3rki samolot\u00f3w (teardowns) i demonta\u017c komponent\u00f3w<br>\u2022 Inspekcje boroskopowe silnik\u00f3w i APU (BSI)<br>\u2022 Badania nieniszcz\u0105ce (NDT)<br>\u2022 Warsztat komponent\u00f3w i naprawy<\/p>\n\n\n\n<p>Dzi\u0119ki wsp\u00f3\u0142pracy z dzia\u0142ami CAMO i szkole\u0144 ALL4JETS, oferujemy kompleksowe wsparcie techniczne &#8211; od inspekcji i zarz\u0105dzania zdatno\u015bci\u0105 do pe\u0142nej obs\u0142ugi certyfikowanej.<\/p>\n\n\n\n<p><\/p>\n","protected":false},"excerpt":{"rendered":"<p>\u015awiadczymy certyfikowane us\u0142ugi obs\u0142ugi liniowej w naszej stacji w Bydgoszczy oraz w lokalizacjach zdalnych, obejmuj\u0105ce przegl\u0105dy liniowe, wsparcie AOG, przebazowania, wsparcie w lokalizacjach klienta, parking i konserwacja samolot\u00f3w, rozbi\u00f3rki oraz wynajem narz\u0119dzi (tool rental). Wszystkie us\u0142ugi realizujemy w oparciu o certyfikat EASA Part-145 PL.145.111 oraz zatwierdzenia FAA, UKCAA, 2-REG, ANAC i Kazachstanu.<\/p>\n","protected":false},"author":2,"featured_media":24163,"parent":0,"menu_order":17,"comment_status":"closed","ping_status":"closed","template":"","meta":{"_acf_changed":false,"inline_featured_image":false,"footnotes":""},"class_list":["post-18278","page","type-page","status-publish","has-post-thumbnail","hentry"],"acf":[],"yoast_head":"<!-- This site is optimized with the Yoast SEO plugin v27.2 - https:\/\/yoast.com\/product\/yoast-seo-wordpress\/ -->\n<title>Obs\u0142uga techniczna - all4jets<\/title>\n<meta name=\"robots\" content=\"index, follow, max-snippet:-1, max-image-preview:large, max-video-preview:-1\" \/>\n<link rel=\"canonical\" href=\"https:\/\/all4jets.com\/pl\/aircraft-maintenance\/\" \/>\n<meta property=\"og:locale\" content=\"pl_PL\" \/>\n<meta property=\"og:type\" content=\"article\" \/>\n<meta property=\"og:title\" content=\"Obs\u0142uga techniczna - all4jets\" \/>\n<meta property=\"og:description\" content=\"\u015awiadczymy certyfikowane us\u0142ugi obs\u0142ugi liniowej w naszej stacji w Bydgoszczy oraz w lokalizacjach zdalnych, obejmuj\u0105ce przegl\u0105dy liniowe, wsparcie AOG, przebazowania, wsparcie w lokalizacjach klienta, parking i konserwacja samolot\u00f3w, rozbi\u00f3rki oraz wynajem narz\u0119dzi (tool rental). Wszystkie us\u0142ugi realizujemy w oparciu o certyfikat EASA Part-145 PL.145.111 oraz zatwierdzenia FAA, UKCAA, 2-REG, ANAC i Kazachstanu.\" \/>\n<meta property=\"og:url\" content=\"https:\/\/all4jets.com\/pl\/aircraft-maintenance\/\" \/>\n<meta property=\"og:site_name\" content=\"all4jets\" \/>\n<meta property=\"article:modified_time\" content=\"2025-10-13T11:19:31+00:00\" \/>\n<meta property=\"og:image\" content=\"https:\/\/all4jets.com\/app\/uploads\/2025\/08\/p145-img-scaled-1.jpg\" \/>\n\t<meta property=\"og:image:width\" content=\"2560\" \/>\n\t<meta property=\"og:image:height\" content=\"1696\" \/>\n\t<meta property=\"og:image:type\" content=\"image\/jpeg\" \/>\n<meta name=\"twitter:card\" content=\"summary_large_image\" \/>\n<meta name=\"twitter:label1\" content=\"Est. reading time\" \/>\n\t<meta name=\"twitter:data1\" content=\"1 minute\" \/>\n<script type=\"application\/ld+json\" class=\"yoast-schema-graph\">{\"@context\":\"https:\/\/schema.org\",\"@graph\":[{\"@type\":\"WebPage\",\"@id\":\"https:\/\/all4jets.com\/pl\/aircraft-maintenance\/\",\"url\":\"https:\/\/all4jets.com\/pl\/aircraft-maintenance\/\",\"name\":\"Obs\u0142uga techniczna - all4jets\",\"isPartOf\":{\"@id\":\"https:\/\/all4jets.com\/pl\/#website\"},\"primaryImageOfPage\":{\"@id\":\"https:\/\/all4jets.com\/pl\/aircraft-maintenance\/#primaryimage\"},\"image\":{\"@id\":\"https:\/\/all4jets.com\/pl\/aircraft-maintenance\/#primaryimage\"},\"thumbnailUrl\":\"https:\/\/all4jets.com\/app\/uploads\/2025\/08\/p145-img-scaled-1.jpg\",\"datePublished\":\"2024-10-23T07:09:56+00:00\",\"dateModified\":\"2025-10-13T11:19:31+00:00\",\"breadcrumb\":{\"@id\":\"https:\/\/all4jets.com\/pl\/aircraft-maintenance\/#breadcrumb\"},\"inLanguage\":\"pl-PL\",\"potentialAction\":[{\"@type\":\"ReadAction\",\"target\":[\"https:\/\/all4jets.com\/pl\/aircraft-maintenance\/\"]}]},{\"@type\":\"ImageObject\",\"inLanguage\":\"pl-PL\",\"@id\":\"https:\/\/all4jets.com\/pl\/aircraft-maintenance\/#primaryimage\",\"url\":\"https:\/\/all4jets.com\/app\/uploads\/2025\/08\/p145-img-scaled-1.jpg\",\"contentUrl\":\"https:\/\/all4jets.com\/app\/uploads\/2025\/08\/p145-img-scaled-1.jpg\",\"width\":2560,\"height\":1696,\"caption\":\"Passenger aircraft on maintenance of engine and fuselage repair in airport hangar\"},{\"@type\":\"BreadcrumbList\",\"@id\":\"https:\/\/all4jets.com\/pl\/aircraft-maintenance\/#breadcrumb\",\"itemListElement\":[{\"@type\":\"ListItem\",\"position\":1,\"name\":\"Home\",\"item\":\"https:\/\/dev-all4jets.headsapp.net\/pl\/\"},{\"@type\":\"ListItem\",\"position\":2,\"name\":\"Obs\u0142uga techniczna\"}]},{\"@type\":\"WebSite\",\"@id\":\"https:\/\/all4jets.com\/pl\/#website\",\"url\":\"https:\/\/all4jets.com\/pl\/\",\"name\":\"all4jets\",\"description\":\"\",\"potentialAction\":[{\"@type\":\"SearchAction\",\"target\":{\"@type\":\"EntryPoint\",\"urlTemplate\":\"https:\/\/all4jets.com\/pl\/?s={search_term_string}\"},\"query-input\":{\"@type\":\"PropertyValueSpecification\",\"valueRequired\":true,\"valueName\":\"search_term_string\"}}],\"inLanguage\":\"pl-PL\"}]}<\/script>\n<!-- \/ Yoast SEO plugin. -->","yoast_head_json":{"title":"Obs\u0142uga techniczna - all4jets","robots":{"index":"index","follow":"follow","max-snippet":"max-snippet:-1","max-image-preview":"max-image-preview:large","max-video-preview":"max-video-preview:-1"},"canonical":"https:\/\/all4jets.com\/pl\/aircraft-maintenance\/","og_locale":"pl_PL","og_type":"article","og_title":"Obs\u0142uga techniczna - all4jets","og_description":"\u015awiadczymy certyfikowane us\u0142ugi obs\u0142ugi liniowej w naszej stacji w Bydgoszczy oraz w lokalizacjach zdalnych, obejmuj\u0105ce przegl\u0105dy liniowe, wsparcie AOG, przebazowania, wsparcie w lokalizacjach klienta, parking i konserwacja samolot\u00f3w, rozbi\u00f3rki oraz wynajem narz\u0119dzi (tool rental). Wszystkie us\u0142ugi realizujemy w oparciu o certyfikat EASA Part-145 PL.145.111 oraz zatwierdzenia FAA, UKCAA, 2-REG, ANAC i Kazachstanu.","og_url":"https:\/\/all4jets.com\/pl\/aircraft-maintenance\/","og_site_name":"all4jets","article_modified_time":"2025-10-13T11:19:31+00:00","og_image":[{"width":2560,"height":1696,"url":"https:\/\/all4jets.com\/app\/uploads\/2025\/08\/p145-img-scaled-1.jpg","type":"image\/jpeg"}],"twitter_card":"summary_large_image","twitter_misc":{"Est. reading time":"1 minute"},"schema":{"@context":"https:\/\/schema.org","@graph":[{"@type":"WebPage","@id":"https:\/\/all4jets.com\/pl\/aircraft-maintenance\/","url":"https:\/\/all4jets.com\/pl\/aircraft-maintenance\/","name":"Obs\u0142uga techniczna - all4jets","isPartOf":{"@id":"https:\/\/all4jets.com\/pl\/#website"},"primaryImageOfPage":{"@id":"https:\/\/all4jets.com\/pl\/aircraft-maintenance\/#primaryimage"},"image":{"@id":"https:\/\/all4jets.com\/pl\/aircraft-maintenance\/#primaryimage"},"thumbnailUrl":"https:\/\/all4jets.com\/app\/uploads\/2025\/08\/p145-img-scaled-1.jpg","datePublished":"2024-10-23T07:09:56+00:00","dateModified":"2025-10-13T11:19:31+00:00","breadcrumb":{"@id":"https:\/\/all4jets.com\/pl\/aircraft-maintenance\/#breadcrumb"},"inLanguage":"pl-PL","potentialAction":[{"@type":"ReadAction","target":["https:\/\/all4jets.com\/pl\/aircraft-maintenance\/"]}]},{"@type":"ImageObject","inLanguage":"pl-PL","@id":"https:\/\/all4jets.com\/pl\/aircraft-maintenance\/#primaryimage","url":"https:\/\/all4jets.com\/app\/uploads\/2025\/08\/p145-img-scaled-1.jpg","contentUrl":"https:\/\/all4jets.com\/app\/uploads\/2025\/08\/p145-img-scaled-1.jpg","width":2560,"height":1696,"caption":"Passenger aircraft on maintenance of engine and fuselage repair in airport hangar"},{"@type":"BreadcrumbList","@id":"https:\/\/all4jets.com\/pl\/aircraft-maintenance\/#breadcrumb","itemListElement":[{"@type":"ListItem","position":1,"name":"Home","item":"https:\/\/dev-all4jets.headsapp.net\/pl\/"},{"@type":"ListItem","position":2,"name":"Obs\u0142uga techniczna"}]},{"@type":"WebSite","@id":"https:\/\/all4jets.com\/pl\/#website","url":"https:\/\/all4jets.com\/pl\/","name":"all4jets","description":"","potentialAction":[{"@type":"SearchAction","target":{"@type":"EntryPoint","urlTemplate":"https:\/\/all4jets.com\/pl\/?s={search_term_string}"},"query-input":{"@type":"PropertyValueSpecification","valueRequired":true,"valueName":"search_term_string"}}],"inLanguage":"pl-PL"}]}},"_links":{"self":[{"href":"https:\/\/all4jets.com\/pl\/wp-json\/wp\/v2\/pages\/18278","targetHints":{"allow":["GET"]}}],"collection":[{"href":"https:\/\/all4jets.com\/pl\/wp-json\/wp\/v2\/pages"}],"about":[{"href":"https:\/\/all4jets.com\/pl\/wp-json\/wp\/v2\/types\/page"}],"author":[{"embeddable":true,"href":"https:\/\/all4jets.com\/pl\/wp-json\/wp\/v2\/users\/2"}],"replies":[{"embeddable":true,"href":"https:\/\/all4jets.com\/pl\/wp-json\/wp\/v2\/comments?post=18278"}],"version-history":[{"count":4,"href":"https:\/\/all4jets.com\/pl\/wp-json\/wp\/v2\/pages\/18278\/revisions"}],"predecessor-version":[{"id":24981,"href":"https:\/\/all4jets.com\/pl\/wp-json\/wp\/v2\/pages\/18278\/revisions\/24981"}],"wp:featuredmedia":[{"embeddable":true,"href":"https:\/\/all4jets.com\/pl\/wp-json\/wp\/v2\/media\/24163"}],"wp:attachment":[{"href":"https:\/\/all4jets.com\/pl\/wp-json\/wp\/v2\/media?parent=18278"}],"curies":[{"name":"wp","href":"https:\/\/api.w.org\/{rel}","templated":true}]}}