{"id":19368,"date":"2024-10-18T10:28:22","date_gmt":"2024-10-18T10:28:22","guid":{"rendered":"https:\/\/all4jets.com\/engines\/"},"modified":"2025-10-13T08:04:11","modified_gmt":"2025-10-13T08:04:11","slug":"engines","status":"publish","type":"page","link":"https:\/\/all4jets.com\/pl\/engines\/","title":{"rendered":"BOROSKOPIE SILNIK\u00d3W ORAZ APU (BSI)"},"content":{"rendered":"","protected":false},"excerpt":{"rendered":"<p>Wykonujemy inspekcje boroskopowe (BSI) dla wi\u0119kszo\u015bci silnik\u00f3w i APU u\u017cywanych w lotnictwie komercyjnym i biznesowym. Nasze zespo\u0142y w Europie i Brazylii przygotowuj\u0105 pe\u0142ne raporty oraz wystawiaj\u0105 po\u015bwiadczenia EASA, FAA, UKCAA, 2-REG i ANAC.<\/p>\n","protected":false},"author":2,"featured_media":19353,"parent":0,"menu_order":31,"comment_status":"closed","ping_status":"closed","template":"","meta":{"_acf_changed":false,"inline_featured_image":false,"footnotes":""},"class_list":["post-19368","page","type-page","status-publish","has-post-thumbnail","hentry"],"acf":[],"yoast_head":"<!-- This site is optimized with the Yoast SEO plugin v27.2 - https:\/\/yoast.com\/product\/yoast-seo-wordpress\/ -->\n<title>BOROSKOPIE SILNIK\u00d3W ORAZ APU (BSI) - all4jets<\/title>\n<meta name=\"robots\" content=\"index, follow, max-snippet:-1, max-image-preview:large, max-video-preview:-1\" \/>\n<link rel=\"canonical\" href=\"https:\/\/all4jets.com\/pl\/engines\/\" \/>\n<meta property=\"og:locale\" content=\"pl_PL\" \/>\n<meta property=\"og:type\" content=\"article\" \/>\n<meta property=\"og:title\" content=\"BOROSKOPIE SILNIK\u00d3W ORAZ APU (BSI) - all4jets\" \/>\n<meta property=\"og:description\" content=\"Wykonujemy inspekcje boroskopowe (BSI) dla wi\u0119kszo\u015bci silnik\u00f3w i APU u\u017cywanych w lotnictwie komercyjnym i biznesowym. Nasze zespo\u0142y w Europie i Brazylii przygotowuj\u0105 pe\u0142ne raporty oraz wystawiaj\u0105 po\u015bwiadczenia EASA, FAA, UKCAA, 2-REG i ANAC.\" \/>\n<meta property=\"og:url\" content=\"https:\/\/all4jets.com\/pl\/engines\/\" \/>\n<meta property=\"og:site_name\" content=\"all4jets\" \/>\n<meta property=\"article:modified_time\" content=\"2025-10-13T08:04:11+00:00\" \/>\n<meta property=\"og:image\" content=\"https:\/\/all4jets.com\/app\/uploads\/2024\/10\/137291386_525342265030716_6381087941084267634_n.jpg\" \/>\n\t<meta property=\"og:image:width\" content=\"1536\" \/>\n\t<meta property=\"og:image:height\" content=\"2048\" \/>\n\t<meta property=\"og:image:type\" content=\"image\/jpeg\" \/>\n<meta name=\"twitter:card\" content=\"summary_large_image\" \/>\n<meta name=\"twitter:label1\" content=\"Est. reading time\" \/>\n\t<meta name=\"twitter:data1\" content=\"1 minute\" \/>\n<script type=\"application\/ld+json\" class=\"yoast-schema-graph\">{\"@context\":\"https:\/\/schema.org\",\"@graph\":[{\"@type\":\"WebPage\",\"@id\":\"https:\/\/all4jets.com\/pl\/engines\/\",\"url\":\"https:\/\/all4jets.com\/pl\/engines\/\",\"name\":\"BOROSKOPIE SILNIK\u00d3W ORAZ APU (BSI) - all4jets\",\"isPartOf\":{\"@id\":\"https:\/\/all4jets.com\/pl\/#website\"},\"primaryImageOfPage\":{\"@id\":\"https:\/\/all4jets.com\/pl\/engines\/#primaryimage\"},\"image\":{\"@id\":\"https:\/\/all4jets.com\/pl\/engines\/#primaryimage\"},\"thumbnailUrl\":\"https:\/\/all4jets.com\/app\/uploads\/2024\/10\/137291386_525342265030716_6381087941084267634_n.jpg\",\"datePublished\":\"2024-10-18T10:28:22+00:00\",\"dateModified\":\"2025-10-13T08:04:11+00:00\",\"breadcrumb\":{\"@id\":\"https:\/\/all4jets.com\/pl\/engines\/#breadcrumb\"},\"inLanguage\":\"pl-PL\",\"potentialAction\":[{\"@type\":\"ReadAction\",\"target\":[\"https:\/\/all4jets.com\/pl\/engines\/\"]}]},{\"@type\":\"ImageObject\",\"inLanguage\":\"pl-PL\",\"@id\":\"https:\/\/all4jets.com\/pl\/engines\/#primaryimage\",\"url\":\"https:\/\/all4jets.com\/app\/uploads\/2024\/10\/137291386_525342265030716_6381087941084267634_n.jpg\",\"contentUrl\":\"https:\/\/all4jets.com\/app\/uploads\/2024\/10\/137291386_525342265030716_6381087941084267634_n.jpg\",\"width\":1536,\"height\":2048},{\"@type\":\"BreadcrumbList\",\"@id\":\"https:\/\/all4jets.com\/pl\/engines\/#breadcrumb\",\"itemListElement\":[{\"@type\":\"ListItem\",\"position\":1,\"name\":\"Home\",\"item\":\"https:\/\/dev-all4jets.headsapp.net\/pl\/\"},{\"@type\":\"ListItem\",\"position\":2,\"name\":\"BOROSKOPIE SILNIK\u00d3W ORAZ APU (BSI)\"}]},{\"@type\":\"WebSite\",\"@id\":\"https:\/\/all4jets.com\/pl\/#website\",\"url\":\"https:\/\/all4jets.com\/pl\/\",\"name\":\"all4jets\",\"description\":\"\",\"potentialAction\":[{\"@type\":\"SearchAction\",\"target\":{\"@type\":\"EntryPoint\",\"urlTemplate\":\"https:\/\/all4jets.com\/pl\/?s={search_term_string}\"},\"query-input\":{\"@type\":\"PropertyValueSpecification\",\"valueRequired\":true,\"valueName\":\"search_term_string\"}}],\"inLanguage\":\"pl-PL\"}]}<\/script>\n<!-- \/ Yoast SEO plugin. -->","yoast_head_json":{"title":"BOROSKOPIE SILNIK\u00d3W ORAZ APU (BSI) - all4jets","robots":{"index":"index","follow":"follow","max-snippet":"max-snippet:-1","max-image-preview":"max-image-preview:large","max-video-preview":"max-video-preview:-1"},"canonical":"https:\/\/all4jets.com\/pl\/engines\/","og_locale":"pl_PL","og_type":"article","og_title":"BOROSKOPIE SILNIK\u00d3W ORAZ APU (BSI) - all4jets","og_description":"Wykonujemy inspekcje boroskopowe (BSI) dla wi\u0119kszo\u015bci silnik\u00f3w i APU u\u017cywanych w lotnictwie komercyjnym i biznesowym. Nasze zespo\u0142y w Europie i Brazylii przygotowuj\u0105 pe\u0142ne raporty oraz wystawiaj\u0105 po\u015bwiadczenia EASA, FAA, UKCAA, 2-REG i ANAC.","og_url":"https:\/\/all4jets.com\/pl\/engines\/","og_site_name":"all4jets","article_modified_time":"2025-10-13T08:04:11+00:00","og_image":[{"width":1536,"height":2048,"url":"https:\/\/all4jets.com\/app\/uploads\/2024\/10\/137291386_525342265030716_6381087941084267634_n.jpg","type":"image\/jpeg"}],"twitter_card":"summary_large_image","twitter_misc":{"Est. reading time":"1 minute"},"schema":{"@context":"https:\/\/schema.org","@graph":[{"@type":"WebPage","@id":"https:\/\/all4jets.com\/pl\/engines\/","url":"https:\/\/all4jets.com\/pl\/engines\/","name":"BOROSKOPIE SILNIK\u00d3W ORAZ APU (BSI) - all4jets","isPartOf":{"@id":"https:\/\/all4jets.com\/pl\/#website"},"primaryImageOfPage":{"@id":"https:\/\/all4jets.com\/pl\/engines\/#primaryimage"},"image":{"@id":"https:\/\/all4jets.com\/pl\/engines\/#primaryimage"},"thumbnailUrl":"https:\/\/all4jets.com\/app\/uploads\/2024\/10\/137291386_525342265030716_6381087941084267634_n.jpg","datePublished":"2024-10-18T10:28:22+00:00","dateModified":"2025-10-13T08:04:11+00:00","breadcrumb":{"@id":"https:\/\/all4jets.com\/pl\/engines\/#breadcrumb"},"inLanguage":"pl-PL","potentialAction":[{"@type":"ReadAction","target":["https:\/\/all4jets.com\/pl\/engines\/"]}]},{"@type":"ImageObject","inLanguage":"pl-PL","@id":"https:\/\/all4jets.com\/pl\/engines\/#primaryimage","url":"https:\/\/all4jets.com\/app\/uploads\/2024\/10\/137291386_525342265030716_6381087941084267634_n.jpg","contentUrl":"https:\/\/all4jets.com\/app\/uploads\/2024\/10\/137291386_525342265030716_6381087941084267634_n.jpg","width":1536,"height":2048},{"@type":"BreadcrumbList","@id":"https:\/\/all4jets.com\/pl\/engines\/#breadcrumb","itemListElement":[{"@type":"ListItem","position":1,"name":"Home","item":"https:\/\/dev-all4jets.headsapp.net\/pl\/"},{"@type":"ListItem","position":2,"name":"BOROSKOPIE SILNIK\u00d3W ORAZ APU (BSI)"}]},{"@type":"WebSite","@id":"https:\/\/all4jets.com\/pl\/#website","url":"https:\/\/all4jets.com\/pl\/","name":"all4jets","description":"","potentialAction":[{"@type":"SearchAction","target":{"@type":"EntryPoint","urlTemplate":"https:\/\/all4jets.com\/pl\/?s={search_term_string}"},"query-input":{"@type":"PropertyValueSpecification","valueRequired":true,"valueName":"search_term_string"}}],"inLanguage":"pl-PL"}]}},"_links":{"self":[{"href":"https:\/\/all4jets.com\/pl\/wp-json\/wp\/v2\/pages\/19368","targetHints":{"allow":["GET"]}}],"collection":[{"href":"https:\/\/all4jets.com\/pl\/wp-json\/wp\/v2\/pages"}],"about":[{"href":"https:\/\/all4jets.com\/pl\/wp-json\/wp\/v2\/types\/page"}],"author":[{"embeddable":true,"href":"https:\/\/all4jets.com\/pl\/wp-json\/wp\/v2\/users\/2"}],"replies":[{"embeddable":true,"href":"https:\/\/all4jets.com\/pl\/wp-json\/wp\/v2\/comments?post=19368"}],"version-history":[{"count":5,"href":"https:\/\/all4jets.com\/pl\/wp-json\/wp\/v2\/pages\/19368\/revisions"}],"predecessor-version":[{"id":24963,"href":"https:\/\/all4jets.com\/pl\/wp-json\/wp\/v2\/pages\/19368\/revisions\/24963"}],"wp:featuredmedia":[{"embeddable":true,"href":"https:\/\/all4jets.com\/pl\/wp-json\/wp\/v2\/media\/19353"}],"wp:attachment":[{"href":"https:\/\/all4jets.com\/pl\/wp-json\/wp\/v2\/media?parent=19368"}],"curies":[{"name":"wp","href":"https:\/\/api.w.org\/{rel}","templated":true}]}}