{"id":23916,"date":"2025-05-29T07:08:06","date_gmt":"2025-05-29T07:08:06","guid":{"rendered":"https:\/\/all4jets.com\/document\/"},"modified":"2025-10-13T07:29:45","modified_gmt":"2025-10-13T07:29:45","slug":"certificates","status":"publish","type":"page","link":"https:\/\/all4jets.com\/pl\/certificates\/","title":{"rendered":"Certyfikaty"},"content":{"rendered":"\n<p class=\"has-text-align-left\">ALL4JETS posiada szereg mi\u0119dzynarodowych zatwierdze\u0144, kt\u00f3re potwierdzaj\u0105 pe\u0142n\u0105 zgodno\u015b\u0107 z przepisami lotniczymi oraz najwy\u017csz\u0105 jako\u015b\u0107 \u015bwiadczonych us\u0142ug.<br><br><strong>Szkolenia Techniczne<\/strong><br>&#8211; EASA Part-147 &#8211; Organizacja Szkoleniowa (MTO)<br>&#8211; Dodatkowe lokalne zatwierdzenia zgodnie z wymaganiami klient\u00f3w<br><br><strong>CAMO<\/strong><br>&#8211; EASA Part-CAMO &#8211; Organizacja Zarz\u0105dzania Zdatno\u015bci\u0105 do Lotu<br>&#8211; Zatwierdzenia: 2-REG, Bermudy, Kajmany, UK CAA<br><br><strong>Obs\u0142uga Techniczna<\/strong><br>&#8211; EASA Part-145 &#8211; Organizacja Obs\u0142ugi Technicznej (MRO)<br>&#8211; Zatwierdzenia: FAA, 2-REG, UK CAA, ANAC, Kazakh CAA<\/p>\n\n\n\n<p id=\"block-e3269cc1-6d05-4220-8188-ae9509e725ba\"><\/p>\n\n\n\n<p id=\"block-c11a0ea3-ae9a-47b7-b7a9-3468cd3a3858\"><\/p>\n","protected":false},"excerpt":{"rendered":"<p>ALL4JETS posiada szereg mi\u0119dzynarodowych zatwierdze\u0144, kt\u00f3re potwierdzaj\u0105 pe\u0142n\u0105 zgodno\u015b\u0107 z przepisami lotniczymi oraz najwy\u017csz\u0105 jako\u015b\u0107 \u015bwiadczonych us\u0142ug. Szkolenia Techniczne&#8211; EASA Part-147 &#8211; Organizacja Szkoleniowa (MTO)&#8211; Dodatkowe lokalne zatwierdzenia zgodnie z wymaganiami klient\u00f3w CAMO&#8211; EASA Part-CAMO &#8211; Organizacja Zarz\u0105dzania Zdatno\u015bci\u0105 do Lotu&#8211; Zatwierdzenia: 2-REG, Bermudy, Kajmany, UK CAA Obs\u0142uga Techniczna&#8211; EASA Part-145 &#8211; Organizacja Obs\u0142ugi Technicznej [&hellip;]<\/p>\n","protected":false},"author":2,"featured_media":0,"parent":0,"menu_order":2,"comment_status":"closed","ping_status":"closed","template":"","meta":{"_acf_changed":false,"inline_featured_image":false,"footnotes":""},"class_list":["post-23916","page","type-page","status-publish","hentry"],"acf":[],"yoast_head":"<!-- This site is optimized with the Yoast SEO plugin v27.2 - https:\/\/yoast.com\/product\/yoast-seo-wordpress\/ -->\n<title>Certyfikaty - all4jets<\/title>\n<meta name=\"robots\" content=\"index, follow, max-snippet:-1, max-image-preview:large, max-video-preview:-1\" \/>\n<link rel=\"canonical\" href=\"https:\/\/all4jets.com\/pl\/certificates\/\" \/>\n<meta property=\"og:locale\" content=\"pl_PL\" \/>\n<meta property=\"og:type\" content=\"article\" \/>\n<meta property=\"og:title\" content=\"Certyfikaty - all4jets\" \/>\n<meta property=\"og:description\" content=\"ALL4JETS posiada szereg mi\u0119dzynarodowych zatwierdze\u0144, kt\u00f3re potwierdzaj\u0105 pe\u0142n\u0105 zgodno\u015b\u0107 z przepisami lotniczymi oraz najwy\u017csz\u0105 jako\u015b\u0107 \u015bwiadczonych us\u0142ug. Szkolenia Techniczne&#8211; EASA Part-147 &#8211; Organizacja Szkoleniowa (MTO)&#8211; Dodatkowe lokalne zatwierdzenia zgodnie z wymaganiami klient\u00f3w CAMO&#8211; EASA Part-CAMO &#8211; Organizacja Zarz\u0105dzania Zdatno\u015bci\u0105 do Lotu&#8211; Zatwierdzenia: 2-REG, Bermudy, Kajmany, UK CAA Obs\u0142uga Techniczna&#8211; EASA Part-145 &#8211; Organizacja Obs\u0142ugi Technicznej [&hellip;]\" \/>\n<meta property=\"og:url\" content=\"https:\/\/all4jets.com\/pl\/certificates\/\" \/>\n<meta property=\"og:site_name\" content=\"all4jets\" \/>\n<meta property=\"article:modified_time\" content=\"2025-10-13T07:29:45+00:00\" \/>\n<meta name=\"twitter:card\" content=\"summary_large_image\" \/>\n<meta name=\"twitter:label1\" content=\"Est. reading time\" \/>\n\t<meta name=\"twitter:data1\" content=\"1 minute\" \/>\n<script type=\"application\/ld+json\" class=\"yoast-schema-graph\">{\"@context\":\"https:\/\/schema.org\",\"@graph\":[{\"@type\":\"WebPage\",\"@id\":\"https:\/\/all4jets.com\/pl\/certificates\/\",\"url\":\"https:\/\/all4jets.com\/pl\/certificates\/\",\"name\":\"Certyfikaty - all4jets\",\"isPartOf\":{\"@id\":\"https:\/\/all4jets.com\/pl\/#website\"},\"datePublished\":\"2025-05-29T07:08:06+00:00\",\"dateModified\":\"2025-10-13T07:29:45+00:00\",\"breadcrumb\":{\"@id\":\"https:\/\/all4jets.com\/pl\/certificates\/#breadcrumb\"},\"inLanguage\":\"pl-PL\",\"potentialAction\":[{\"@type\":\"ReadAction\",\"target\":[\"https:\/\/all4jets.com\/pl\/certificates\/\"]}]},{\"@type\":\"BreadcrumbList\",\"@id\":\"https:\/\/all4jets.com\/pl\/certificates\/#breadcrumb\",\"itemListElement\":[{\"@type\":\"ListItem\",\"position\":1,\"name\":\"Home\",\"item\":\"https:\/\/dev-all4jets.headsapp.net\/pl\/\"},{\"@type\":\"ListItem\",\"position\":2,\"name\":\"Certyfikaty\"}]},{\"@type\":\"WebSite\",\"@id\":\"https:\/\/all4jets.com\/pl\/#website\",\"url\":\"https:\/\/all4jets.com\/pl\/\",\"name\":\"all4jets\",\"description\":\"\",\"potentialAction\":[{\"@type\":\"SearchAction\",\"target\":{\"@type\":\"EntryPoint\",\"urlTemplate\":\"https:\/\/all4jets.com\/pl\/?s={search_term_string}\"},\"query-input\":{\"@type\":\"PropertyValueSpecification\",\"valueRequired\":true,\"valueName\":\"search_term_string\"}}],\"inLanguage\":\"pl-PL\"}]}<\/script>\n<!-- \/ Yoast SEO plugin. -->","yoast_head_json":{"title":"Certyfikaty - all4jets","robots":{"index":"index","follow":"follow","max-snippet":"max-snippet:-1","max-image-preview":"max-image-preview:large","max-video-preview":"max-video-preview:-1"},"canonical":"https:\/\/all4jets.com\/pl\/certificates\/","og_locale":"pl_PL","og_type":"article","og_title":"Certyfikaty - all4jets","og_description":"ALL4JETS posiada szereg mi\u0119dzynarodowych zatwierdze\u0144, kt\u00f3re potwierdzaj\u0105 pe\u0142n\u0105 zgodno\u015b\u0107 z przepisami lotniczymi oraz najwy\u017csz\u0105 jako\u015b\u0107 \u015bwiadczonych us\u0142ug. Szkolenia Techniczne&#8211; EASA Part-147 &#8211; Organizacja Szkoleniowa (MTO)&#8211; Dodatkowe lokalne zatwierdzenia zgodnie z wymaganiami klient\u00f3w CAMO&#8211; EASA Part-CAMO &#8211; Organizacja Zarz\u0105dzania Zdatno\u015bci\u0105 do Lotu&#8211; Zatwierdzenia: 2-REG, Bermudy, Kajmany, UK CAA Obs\u0142uga Techniczna&#8211; EASA Part-145 &#8211; Organizacja Obs\u0142ugi Technicznej [&hellip;]","og_url":"https:\/\/all4jets.com\/pl\/certificates\/","og_site_name":"all4jets","article_modified_time":"2025-10-13T07:29:45+00:00","twitter_card":"summary_large_image","twitter_misc":{"Est. reading time":"1 minute"},"schema":{"@context":"https:\/\/schema.org","@graph":[{"@type":"WebPage","@id":"https:\/\/all4jets.com\/pl\/certificates\/","url":"https:\/\/all4jets.com\/pl\/certificates\/","name":"Certyfikaty - all4jets","isPartOf":{"@id":"https:\/\/all4jets.com\/pl\/#website"},"datePublished":"2025-05-29T07:08:06+00:00","dateModified":"2025-10-13T07:29:45+00:00","breadcrumb":{"@id":"https:\/\/all4jets.com\/pl\/certificates\/#breadcrumb"},"inLanguage":"pl-PL","potentialAction":[{"@type":"ReadAction","target":["https:\/\/all4jets.com\/pl\/certificates\/"]}]},{"@type":"BreadcrumbList","@id":"https:\/\/all4jets.com\/pl\/certificates\/#breadcrumb","itemListElement":[{"@type":"ListItem","position":1,"name":"Home","item":"https:\/\/dev-all4jets.headsapp.net\/pl\/"},{"@type":"ListItem","position":2,"name":"Certyfikaty"}]},{"@type":"WebSite","@id":"https:\/\/all4jets.com\/pl\/#website","url":"https:\/\/all4jets.com\/pl\/","name":"all4jets","description":"","potentialAction":[{"@type":"SearchAction","target":{"@type":"EntryPoint","urlTemplate":"https:\/\/all4jets.com\/pl\/?s={search_term_string}"},"query-input":{"@type":"PropertyValueSpecification","valueRequired":true,"valueName":"search_term_string"}}],"inLanguage":"pl-PL"}]}},"_links":{"self":[{"href":"https:\/\/all4jets.com\/pl\/wp-json\/wp\/v2\/pages\/23916","targetHints":{"allow":["GET"]}}],"collection":[{"href":"https:\/\/all4jets.com\/pl\/wp-json\/wp\/v2\/pages"}],"about":[{"href":"https:\/\/all4jets.com\/pl\/wp-json\/wp\/v2\/types\/page"}],"author":[{"embeddable":true,"href":"https:\/\/all4jets.com\/pl\/wp-json\/wp\/v2\/users\/2"}],"replies":[{"embeddable":true,"href":"https:\/\/all4jets.com\/pl\/wp-json\/wp\/v2\/comments?post=23916"}],"version-history":[{"count":7,"href":"https:\/\/all4jets.com\/pl\/wp-json\/wp\/v2\/pages\/23916\/revisions"}],"predecessor-version":[{"id":24936,"href":"https:\/\/all4jets.com\/pl\/wp-json\/wp\/v2\/pages\/23916\/revisions\/24936"}],"wp:attachment":[{"href":"https:\/\/all4jets.com\/pl\/wp-json\/wp\/v2\/media?parent=23916"}],"curies":[{"name":"wp","href":"https:\/\/api.w.org\/{rel}","templated":true}]}}