{"id":24105,"date":"2025-07-21T06:05:49","date_gmt":"2025-07-21T06:05:49","guid":{"rendered":"http:\/\/all4jets.local\/about-us\/"},"modified":"2025-10-14T11:47:49","modified_gmt":"2025-10-14T11:47:49","slug":"about-us","status":"publish","type":"page","link":"https:\/\/all4jets.com\/pl\/about-us\/","title":{"rendered":"O ALL4JETS"},"content":{"rendered":"\n<p><strong>ALL4JETS<\/strong> powsta\u0142o w 2013 roku jako organizacja szkoleniowa zatwierdzona przez EASA w ramach Part-147. Od tego czasu nieustannie rozwijamy nasze kompetencje, aby zapewnia\u0107 kompleksowe wsparcie dla bran\u017cy lotniczej.<\/p>\n\n\n\n<p class=\"has-text-align-left\">Obecnie dzia\u0142amy w trzech g\u0142\u00f3wnych obszarach:<br>&#8211; <strong>szkolenia techniczne<\/strong> dla personelu obs\u0142ugi technicznej statk\u00f3w powietrznych (Part-147),<br><br>&#8211;<strong> zarz\u0105dzanie ci\u0105g\u0142\u0105 zdatno\u015bci\u0105 do lotu (CAMO)<\/strong> i <strong>doradztwo techniczne<\/strong> \u2013 w tym przegl\u0105dy ARC (Part-CAMO) oraz konsultacje techniczne,<br><br>&#8211; <strong>obs\u0142uga techniczna samolot\u00f3w<\/strong> realizowana przez <strong>ALL4JETS Technics<\/strong> (Part-145), obejmuj\u0105ca obs\u0142ug\u0119 liniow\u0105, inspekcje boroskopowe silnik\u00f3w i APU, badania nieniszcz\u0105ce (NDT) oraz warsztat komponent\u00f3w.<\/p>\n\n\n\n<p>Nasz\u0105 misj\u0105 jest dostarczanie us\u0142ug najwy\u017cszej jako\u015bci, opartych na wiedzy, do\u015bwiadczeniu i partnerskim podej\u015bciu. Wsp\u00f3\u0142pracujemy z liniami lotniczymi, w\u0142a\u015bcicielami floty oraz organizacjami technicznymi na ca\u0142ym \u015bwiecie.<\/p>\n\n\n\n<p><\/p>\n","protected":false},"excerpt":{"rendered":"<p>ALL4JETS powsta\u0142o w 2013 roku jako organizacja szkoleniowa zatwierdzona przez EASA w ramach Part-147. Od tego czasu nieustannie rozwijamy nasze kompetencje, aby zapewnia\u0107 kompleksowe wsparcie dla bran\u017cy lotniczej. Obecnie dzia\u0142amy w trzech g\u0142\u00f3wnych obszarach:&#8211; szkolenia techniczne dla personelu obs\u0142ugi technicznej statk\u00f3w powietrznych (Part-147), &#8211; zarz\u0105dzanie ci\u0105g\u0142\u0105 zdatno\u015bci\u0105 do lotu (CAMO) i doradztwo techniczne \u2013 w [&hellip;]<\/p>\n","protected":false},"author":2,"featured_media":0,"parent":0,"menu_order":0,"comment_status":"closed","ping_status":"closed","template":"","meta":{"_acf_changed":false,"inline_featured_image":false,"footnotes":""},"class_list":["post-24105","page","type-page","status-publish","hentry"],"acf":[],"yoast_head":"<!-- This site is optimized with the Yoast SEO plugin v27.2 - https:\/\/yoast.com\/product\/yoast-seo-wordpress\/ -->\n<title>O ALL4JETS - all4jets<\/title>\n<meta name=\"robots\" content=\"index, follow, max-snippet:-1, max-image-preview:large, max-video-preview:-1\" \/>\n<link rel=\"canonical\" href=\"https:\/\/all4jets.com\/pl\/about-us\/\" \/>\n<meta property=\"og:locale\" content=\"pl_PL\" \/>\n<meta property=\"og:type\" content=\"article\" \/>\n<meta property=\"og:title\" content=\"O ALL4JETS - all4jets\" \/>\n<meta property=\"og:description\" content=\"ALL4JETS powsta\u0142o w 2013 roku jako organizacja szkoleniowa zatwierdzona przez EASA w ramach Part-147. Od tego czasu nieustannie rozwijamy nasze kompetencje, aby zapewnia\u0107 kompleksowe wsparcie dla bran\u017cy lotniczej. Obecnie dzia\u0142amy w trzech g\u0142\u00f3wnych obszarach:&#8211; szkolenia techniczne dla personelu obs\u0142ugi technicznej statk\u00f3w powietrznych (Part-147), &#8211; zarz\u0105dzanie ci\u0105g\u0142\u0105 zdatno\u015bci\u0105 do lotu (CAMO) i doradztwo techniczne \u2013 w [&hellip;]\" \/>\n<meta property=\"og:url\" content=\"https:\/\/all4jets.com\/pl\/about-us\/\" \/>\n<meta property=\"og:site_name\" content=\"all4jets\" \/>\n<meta property=\"article:modified_time\" content=\"2025-10-14T11:47:49+00:00\" \/>\n<meta name=\"twitter:card\" content=\"summary_large_image\" \/>\n<meta name=\"twitter:label1\" content=\"Est. reading time\" \/>\n\t<meta name=\"twitter:data1\" content=\"1 minute\" \/>\n<script type=\"application\/ld+json\" class=\"yoast-schema-graph\">{\"@context\":\"https:\/\/schema.org\",\"@graph\":[{\"@type\":\"WebPage\",\"@id\":\"https:\/\/all4jets.com\/pl\/about-us\/\",\"url\":\"https:\/\/all4jets.com\/pl\/about-us\/\",\"name\":\"O ALL4JETS - all4jets\",\"isPartOf\":{\"@id\":\"https:\/\/all4jets.com\/pl\/#website\"},\"datePublished\":\"2025-07-21T06:05:49+00:00\",\"dateModified\":\"2025-10-14T11:47:49+00:00\",\"breadcrumb\":{\"@id\":\"https:\/\/all4jets.com\/pl\/about-us\/#breadcrumb\"},\"inLanguage\":\"pl-PL\",\"potentialAction\":[{\"@type\":\"ReadAction\",\"target\":[\"https:\/\/all4jets.com\/pl\/about-us\/\"]}]},{\"@type\":\"BreadcrumbList\",\"@id\":\"https:\/\/all4jets.com\/pl\/about-us\/#breadcrumb\",\"itemListElement\":[{\"@type\":\"ListItem\",\"position\":1,\"name\":\"Home\",\"item\":\"https:\/\/dev-all4jets.headsapp.net\/pl\/\"},{\"@type\":\"ListItem\",\"position\":2,\"name\":\"O ALL4JETS\"}]},{\"@type\":\"WebSite\",\"@id\":\"https:\/\/all4jets.com\/pl\/#website\",\"url\":\"https:\/\/all4jets.com\/pl\/\",\"name\":\"all4jets\",\"description\":\"\",\"potentialAction\":[{\"@type\":\"SearchAction\",\"target\":{\"@type\":\"EntryPoint\",\"urlTemplate\":\"https:\/\/all4jets.com\/pl\/?s={search_term_string}\"},\"query-input\":{\"@type\":\"PropertyValueSpecification\",\"valueRequired\":true,\"valueName\":\"search_term_string\"}}],\"inLanguage\":\"pl-PL\"}]}<\/script>\n<!-- \/ Yoast SEO plugin. -->","yoast_head_json":{"title":"O ALL4JETS - all4jets","robots":{"index":"index","follow":"follow","max-snippet":"max-snippet:-1","max-image-preview":"max-image-preview:large","max-video-preview":"max-video-preview:-1"},"canonical":"https:\/\/all4jets.com\/pl\/about-us\/","og_locale":"pl_PL","og_type":"article","og_title":"O ALL4JETS - all4jets","og_description":"ALL4JETS powsta\u0142o w 2013 roku jako organizacja szkoleniowa zatwierdzona przez EASA w ramach Part-147. Od tego czasu nieustannie rozwijamy nasze kompetencje, aby zapewnia\u0107 kompleksowe wsparcie dla bran\u017cy lotniczej. Obecnie dzia\u0142amy w trzech g\u0142\u00f3wnych obszarach:&#8211; szkolenia techniczne dla personelu obs\u0142ugi technicznej statk\u00f3w powietrznych (Part-147), &#8211; zarz\u0105dzanie ci\u0105g\u0142\u0105 zdatno\u015bci\u0105 do lotu (CAMO) i doradztwo techniczne \u2013 w [&hellip;]","og_url":"https:\/\/all4jets.com\/pl\/about-us\/","og_site_name":"all4jets","article_modified_time":"2025-10-14T11:47:49+00:00","twitter_card":"summary_large_image","twitter_misc":{"Est. reading time":"1 minute"},"schema":{"@context":"https:\/\/schema.org","@graph":[{"@type":"WebPage","@id":"https:\/\/all4jets.com\/pl\/about-us\/","url":"https:\/\/all4jets.com\/pl\/about-us\/","name":"O ALL4JETS - all4jets","isPartOf":{"@id":"https:\/\/all4jets.com\/pl\/#website"},"datePublished":"2025-07-21T06:05:49+00:00","dateModified":"2025-10-14T11:47:49+00:00","breadcrumb":{"@id":"https:\/\/all4jets.com\/pl\/about-us\/#breadcrumb"},"inLanguage":"pl-PL","potentialAction":[{"@type":"ReadAction","target":["https:\/\/all4jets.com\/pl\/about-us\/"]}]},{"@type":"BreadcrumbList","@id":"https:\/\/all4jets.com\/pl\/about-us\/#breadcrumb","itemListElement":[{"@type":"ListItem","position":1,"name":"Home","item":"https:\/\/dev-all4jets.headsapp.net\/pl\/"},{"@type":"ListItem","position":2,"name":"O ALL4JETS"}]},{"@type":"WebSite","@id":"https:\/\/all4jets.com\/pl\/#website","url":"https:\/\/all4jets.com\/pl\/","name":"all4jets","description":"","potentialAction":[{"@type":"SearchAction","target":{"@type":"EntryPoint","urlTemplate":"https:\/\/all4jets.com\/pl\/?s={search_term_string}"},"query-input":{"@type":"PropertyValueSpecification","valueRequired":true,"valueName":"search_term_string"}}],"inLanguage":"pl-PL"}]}},"_links":{"self":[{"href":"https:\/\/all4jets.com\/pl\/wp-json\/wp\/v2\/pages\/24105","targetHints":{"allow":["GET"]}}],"collection":[{"href":"https:\/\/all4jets.com\/pl\/wp-json\/wp\/v2\/pages"}],"about":[{"href":"https:\/\/all4jets.com\/pl\/wp-json\/wp\/v2\/types\/page"}],"author":[{"embeddable":true,"href":"https:\/\/all4jets.com\/pl\/wp-json\/wp\/v2\/users\/2"}],"replies":[{"embeddable":true,"href":"https:\/\/all4jets.com\/pl\/wp-json\/wp\/v2\/comments?post=24105"}],"version-history":[{"count":5,"href":"https:\/\/all4jets.com\/pl\/wp-json\/wp\/v2\/pages\/24105\/revisions"}],"predecessor-version":[{"id":25007,"href":"https:\/\/all4jets.com\/pl\/wp-json\/wp\/v2\/pages\/24105\/revisions\/25007"}],"wp:attachment":[{"href":"https:\/\/all4jets.com\/pl\/wp-json\/wp\/v2\/media?parent=24105"}],"curies":[{"name":"wp","href":"https:\/\/api.w.org\/{rel}","templated":true}]}}