{"id":24112,"date":"2025-07-21T20:45:58","date_gmt":"2025-07-21T20:45:58","guid":{"rendered":"http:\/\/all4jets.local\/e-learning-2\/"},"modified":"2025-10-13T07:54:55","modified_gmt":"2025-10-13T07:54:55","slug":"e-learning","status":"publish","type":"page","link":"https:\/\/all4jets.com\/pl\/e-learning\/","title":{"rendered":"E-learning"},"content":{"rendered":"\n<p>ALL4JETS oferuje nowoczesne szkolenia online i od\u015bwie\u017caj\u0105ce (recurrent) dla personelu technicznego, CAMO i mechanik\u00f3w lotniczych.<br>Ucz si\u0119 z dowolnego miejsca i w dowolnym czasie &#8211; elastycznie i zgodnie z wymaganiami EASA.<\/p>\n\n\n\n<p><strong>Kup dost\u0119p do szkolenia w naszym sklepie online.<\/strong><\/p>\n\n\n\n<p><\/p>\n","protected":false},"excerpt":{"rendered":"<p>Prowadzimy szkolenia online, wst\u0119pne i od\u015bwie\u017caj\u0105ce dla mechanik\u00f3w lotniczych oraz personelu organizacji obs\u0142ugowych i CAMO. <\/p>\n","protected":false},"author":2,"featured_media":0,"parent":0,"menu_order":0,"comment_status":"closed","ping_status":"closed","template":"","meta":{"_acf_changed":false,"inline_featured_image":false,"footnotes":""},"class_list":["post-24112","page","type-page","status-publish","hentry"],"acf":[],"yoast_head":"<!-- This site is optimized with the Yoast SEO plugin v27.2 - https:\/\/yoast.com\/product\/yoast-seo-wordpress\/ -->\n<title>E-learning - all4jets<\/title>\n<meta name=\"robots\" content=\"index, follow, max-snippet:-1, max-image-preview:large, max-video-preview:-1\" \/>\n<link rel=\"canonical\" href=\"https:\/\/all4jets.com\/pl\/e-learning\/\" \/>\n<meta property=\"og:locale\" content=\"pl_PL\" \/>\n<meta property=\"og:type\" content=\"article\" \/>\n<meta property=\"og:title\" content=\"E-learning - all4jets\" \/>\n<meta property=\"og:description\" content=\"Prowadzimy szkolenia online, wst\u0119pne i od\u015bwie\u017caj\u0105ce dla mechanik\u00f3w lotniczych oraz personelu organizacji obs\u0142ugowych i CAMO.\" \/>\n<meta property=\"og:url\" content=\"https:\/\/all4jets.com\/pl\/e-learning\/\" \/>\n<meta property=\"og:site_name\" content=\"all4jets\" \/>\n<meta property=\"article:modified_time\" content=\"2025-10-13T07:54:55+00:00\" \/>\n<meta name=\"twitter:card\" content=\"summary_large_image\" \/>\n<meta name=\"twitter:label1\" content=\"Est. reading time\" \/>\n\t<meta name=\"twitter:data1\" content=\"1 minute\" \/>\n<script type=\"application\/ld+json\" class=\"yoast-schema-graph\">{\"@context\":\"https:\/\/schema.org\",\"@graph\":[{\"@type\":\"WebPage\",\"@id\":\"https:\/\/all4jets.com\/pl\/e-learning\/\",\"url\":\"https:\/\/all4jets.com\/pl\/e-learning\/\",\"name\":\"E-learning - all4jets\",\"isPartOf\":{\"@id\":\"https:\/\/all4jets.com\/pl\/#website\"},\"datePublished\":\"2025-07-21T20:45:58+00:00\",\"dateModified\":\"2025-10-13T07:54:55+00:00\",\"breadcrumb\":{\"@id\":\"https:\/\/all4jets.com\/pl\/e-learning\/#breadcrumb\"},\"inLanguage\":\"pl-PL\",\"potentialAction\":[{\"@type\":\"ReadAction\",\"target\":[\"https:\/\/all4jets.com\/pl\/e-learning\/\"]}]},{\"@type\":\"BreadcrumbList\",\"@id\":\"https:\/\/all4jets.com\/pl\/e-learning\/#breadcrumb\",\"itemListElement\":[{\"@type\":\"ListItem\",\"position\":1,\"name\":\"Home\",\"item\":\"https:\/\/dev-all4jets.headsapp.net\/pl\/\"},{\"@type\":\"ListItem\",\"position\":2,\"name\":\"E-learning\"}]},{\"@type\":\"WebSite\",\"@id\":\"https:\/\/all4jets.com\/pl\/#website\",\"url\":\"https:\/\/all4jets.com\/pl\/\",\"name\":\"all4jets\",\"description\":\"\",\"potentialAction\":[{\"@type\":\"SearchAction\",\"target\":{\"@type\":\"EntryPoint\",\"urlTemplate\":\"https:\/\/all4jets.com\/pl\/?s={search_term_string}\"},\"query-input\":{\"@type\":\"PropertyValueSpecification\",\"valueRequired\":true,\"valueName\":\"search_term_string\"}}],\"inLanguage\":\"pl-PL\"}]}<\/script>\n<!-- \/ Yoast SEO plugin. -->","yoast_head_json":{"title":"E-learning - all4jets","robots":{"index":"index","follow":"follow","max-snippet":"max-snippet:-1","max-image-preview":"max-image-preview:large","max-video-preview":"max-video-preview:-1"},"canonical":"https:\/\/all4jets.com\/pl\/e-learning\/","og_locale":"pl_PL","og_type":"article","og_title":"E-learning - all4jets","og_description":"Prowadzimy szkolenia online, wst\u0119pne i od\u015bwie\u017caj\u0105ce dla mechanik\u00f3w lotniczych oraz personelu organizacji obs\u0142ugowych i CAMO.","og_url":"https:\/\/all4jets.com\/pl\/e-learning\/","og_site_name":"all4jets","article_modified_time":"2025-10-13T07:54:55+00:00","twitter_card":"summary_large_image","twitter_misc":{"Est. reading time":"1 minute"},"schema":{"@context":"https:\/\/schema.org","@graph":[{"@type":"WebPage","@id":"https:\/\/all4jets.com\/pl\/e-learning\/","url":"https:\/\/all4jets.com\/pl\/e-learning\/","name":"E-learning - all4jets","isPartOf":{"@id":"https:\/\/all4jets.com\/pl\/#website"},"datePublished":"2025-07-21T20:45:58+00:00","dateModified":"2025-10-13T07:54:55+00:00","breadcrumb":{"@id":"https:\/\/all4jets.com\/pl\/e-learning\/#breadcrumb"},"inLanguage":"pl-PL","potentialAction":[{"@type":"ReadAction","target":["https:\/\/all4jets.com\/pl\/e-learning\/"]}]},{"@type":"BreadcrumbList","@id":"https:\/\/all4jets.com\/pl\/e-learning\/#breadcrumb","itemListElement":[{"@type":"ListItem","position":1,"name":"Home","item":"https:\/\/dev-all4jets.headsapp.net\/pl\/"},{"@type":"ListItem","position":2,"name":"E-learning"}]},{"@type":"WebSite","@id":"https:\/\/all4jets.com\/pl\/#website","url":"https:\/\/all4jets.com\/pl\/","name":"all4jets","description":"","potentialAction":[{"@type":"SearchAction","target":{"@type":"EntryPoint","urlTemplate":"https:\/\/all4jets.com\/pl\/?s={search_term_string}"},"query-input":{"@type":"PropertyValueSpecification","valueRequired":true,"valueName":"search_term_string"}}],"inLanguage":"pl-PL"}]}},"_links":{"self":[{"href":"https:\/\/all4jets.com\/pl\/wp-json\/wp\/v2\/pages\/24112","targetHints":{"allow":["GET"]}}],"collection":[{"href":"https:\/\/all4jets.com\/pl\/wp-json\/wp\/v2\/pages"}],"about":[{"href":"https:\/\/all4jets.com\/pl\/wp-json\/wp\/v2\/types\/page"}],"author":[{"embeddable":true,"href":"https:\/\/all4jets.com\/pl\/wp-json\/wp\/v2\/users\/2"}],"replies":[{"embeddable":true,"href":"https:\/\/all4jets.com\/pl\/wp-json\/wp\/v2\/comments?post=24112"}],"version-history":[{"count":8,"href":"https:\/\/all4jets.com\/pl\/wp-json\/wp\/v2\/pages\/24112\/revisions"}],"predecessor-version":[{"id":24957,"href":"https:\/\/all4jets.com\/pl\/wp-json\/wp\/v2\/pages\/24112\/revisions\/24957"}],"wp:attachment":[{"href":"https:\/\/all4jets.com\/pl\/wp-json\/wp\/v2\/media?parent=24112"}],"curies":[{"name":"wp","href":"https:\/\/api.w.org\/{rel}","templated":true}]}}