{"id":24696,"date":"2024-10-21T06:51:18","date_gmt":"2024-10-21T06:51:18","guid":{"rendered":"https:\/\/all4jets.com\/basic-knowledge\/"},"modified":"2025-11-14T07:32:45","modified_gmt":"2025-11-14T07:32:45","slug":"basic-knowledge","status":"publish","type":"page","link":"https:\/\/all4jets.com\/pl\/basic-knowledge\/","title":{"rendered":"Egzaminy z modu\u0142\u00f3w wiedzy podstawowej (EASA)"},"content":{"rendered":"\n<p><strong>ALL4JETS posiada zatwierdzenie Urz\u0119du Lotnictwa Cywilnego do przeprowadzania egzamin\u00f3w z modu\u0142\u00f3w wiedzy podstawowej do nast\u0119puj\u0105cych kategorii:<\/strong><\/p>\n\n\n\n<p>B3 (samoloty z silnikiem t\u0142okowym, niehermetyzowane, z MTOW poni\u017cej 2 000 kg)<\/p>\n\n\n\n<p>A1 (samoloty z silnikiem turbinowym)<\/p>\n\n\n\n<p>A2 (samoloty z silnikiem t\u0142okowym)<\/p>\n\n\n\n<p>B1.1 (samoloty z silnikiem turbinowym)<\/p>\n\n\n\n<p>B1.2 (samoloty z silnikiem t\u0142okowym)<\/p>\n\n\n\n<p>B2 (awionika)<\/p>\n\n\n\n<p><br>Egzaminy EASA Part-66 przyjmujemy w naszych centrach egzaminacyjnych, zgodnie z map\u0105 powy\u017cej.<br>Poni\u017cej znajdziesz linki do zakupu materia\u0142\u00f3w i ksi\u0105\u017cek pomocnych w przygotowaniu do egzamin\u00f3w.<\/p>\n\n\n\n<p>Je\u015bli chcesz zapisa\u0107 si\u0119 na egzamin, skontaktuj si\u0119 z nami.<\/p>\n\n\n\n<p><\/p>\n\n\n\n<div class=\"wp-block-buttons is-layout-flex wp-block-buttons-is-layout-flex\">\n<div class=\"wp-block-button\"><a class=\"wp-block-button__link wp-element-button\" href=\"https:\/\/all4jets.com\/pl\/exam-centers\/chongqing-2\/\">Chongqing<\/a><\/div>\n\n\n\n<div class=\"wp-block-button\"><a class=\"wp-block-button__link wp-element-button\" href=\"https:\/\/all4jets.com\/pl\/exam-centers\/warszawa\/\">Warszawa<\/a><\/div>\n\n\n\n<div class=\"wp-block-button\"><a class=\"wp-block-button__link wp-element-button\" href=\"https:\/\/all4jets.com\/pl\/exam-centers\/spain-2\/\">Madryt\/Sevilla<\/a><\/div>\n\n\n\n<div class=\"wp-block-button\"><a class=\"wp-block-button__link wp-element-button\" href=\"https:\/\/all4jets.com\/pl\/exam-centers\/vilnius-2\/\">Wilno<\/a><\/div>\n<\/div>\n\n\n\n<p><\/p>\n","protected":false},"excerpt":{"rendered":"<p>ALL4JETS posiada zatwierdzenie Urz\u0119du Lotnictwa Cywilnego do przeprowadzania egzamin\u00f3w z modu\u0142\u00f3w wiedzy podstawowej (EASA) do nast\u0119puj\u0105cych kategorii: A1 (samoloty z silnikiem turbinowym), A2 (samoloty z silnikiem t\u0142okowym), B1.1 (samoloty z silnikiem turbinowym), B1.2 (samoloty z silnikiem t\u0142okowym), B2 (awionika), B3 (samoloty z silnikiem t\u0142okowym, niehermetyzowane, z MTOW poni\u017cej 2 000 kg).<\/p>\n","protected":false},"author":2,"featured_media":18211,"parent":0,"menu_order":18,"comment_status":"closed","ping_status":"closed","template":"","meta":{"_acf_changed":false,"inline_featured_image":false,"footnotes":""},"class_list":["post-24696","page","type-page","status-publish","has-post-thumbnail","hentry"],"acf":[],"yoast_head":"<!-- This site is optimized with the Yoast SEO plugin v27.2 - https:\/\/yoast.com\/product\/yoast-seo-wordpress\/ -->\n<title>Egzaminy z modu\u0142\u00f3w wiedzy podstawowej (EASA) - all4jets<\/title>\n<meta name=\"robots\" content=\"index, follow, max-snippet:-1, max-image-preview:large, max-video-preview:-1\" \/>\n<link rel=\"canonical\" href=\"https:\/\/all4jets.com\/pl\/basic-knowledge\/\" \/>\n<meta property=\"og:locale\" content=\"pl_PL\" \/>\n<meta property=\"og:type\" content=\"article\" \/>\n<meta property=\"og:title\" content=\"Egzaminy z modu\u0142\u00f3w wiedzy podstawowej (EASA) - all4jets\" \/>\n<meta property=\"og:description\" content=\"ALL4JETS posiada zatwierdzenie Urz\u0119du Lotnictwa Cywilnego do przeprowadzania egzamin\u00f3w z modu\u0142\u00f3w wiedzy podstawowej (EASA) do nast\u0119puj\u0105cych kategorii: A1 (samoloty z silnikiem turbinowym), A2 (samoloty z silnikiem t\u0142okowym), B1.1 (samoloty z silnikiem turbinowym), B1.2 (samoloty z silnikiem t\u0142okowym), B2 (awionika), B3 (samoloty z silnikiem t\u0142okowym, niehermetyzowane, z MTOW poni\u017cej 2 000 kg).\" \/>\n<meta property=\"og:url\" content=\"https:\/\/all4jets.com\/pl\/basic-knowledge\/\" \/>\n<meta property=\"og:site_name\" content=\"all4jets\" \/>\n<meta property=\"article:modified_time\" content=\"2025-11-14T07:32:45+00:00\" \/>\n<meta property=\"og:image\" content=\"https:\/\/all4jets.com\/app\/uploads\/2021\/01\/138129426_238960351013513_3858306767148877309_n@2x.png\" \/>\n\t<meta property=\"og:image:width\" content=\"1068\" \/>\n\t<meta property=\"og:image:height\" content=\"646\" \/>\n\t<meta property=\"og:image:type\" content=\"image\/png\" \/>\n<meta name=\"twitter:card\" content=\"summary_large_image\" \/>\n<meta name=\"twitter:label1\" content=\"Est. reading time\" \/>\n\t<meta name=\"twitter:data1\" content=\"1 minute\" \/>\n<script type=\"application\/ld+json\" class=\"yoast-schema-graph\">{\"@context\":\"https:\/\/schema.org\",\"@graph\":[{\"@type\":\"WebPage\",\"@id\":\"https:\/\/all4jets.com\/pl\/basic-knowledge\/\",\"url\":\"https:\/\/all4jets.com\/pl\/basic-knowledge\/\",\"name\":\"Egzaminy z modu\u0142\u00f3w wiedzy podstawowej (EASA) - all4jets\",\"isPartOf\":{\"@id\":\"https:\/\/all4jets.com\/pl\/#website\"},\"primaryImageOfPage\":{\"@id\":\"https:\/\/all4jets.com\/pl\/basic-knowledge\/#primaryimage\"},\"image\":{\"@id\":\"https:\/\/all4jets.com\/pl\/basic-knowledge\/#primaryimage\"},\"thumbnailUrl\":\"https:\/\/all4jets.com\/app\/uploads\/2021\/01\/138129426_238960351013513_3858306767148877309_n@2x.png\",\"datePublished\":\"2024-10-21T06:51:18+00:00\",\"dateModified\":\"2025-11-14T07:32:45+00:00\",\"breadcrumb\":{\"@id\":\"https:\/\/all4jets.com\/pl\/basic-knowledge\/#breadcrumb\"},\"inLanguage\":\"pl-PL\",\"potentialAction\":[{\"@type\":\"ReadAction\",\"target\":[\"https:\/\/all4jets.com\/pl\/basic-knowledge\/\"]}]},{\"@type\":\"ImageObject\",\"inLanguage\":\"pl-PL\",\"@id\":\"https:\/\/all4jets.com\/pl\/basic-knowledge\/#primaryimage\",\"url\":\"https:\/\/all4jets.com\/app\/uploads\/2021\/01\/138129426_238960351013513_3858306767148877309_n@2x.png\",\"contentUrl\":\"https:\/\/all4jets.com\/app\/uploads\/2021\/01\/138129426_238960351013513_3858306767148877309_n@2x.png\",\"width\":1068,\"height\":646},{\"@type\":\"BreadcrumbList\",\"@id\":\"https:\/\/all4jets.com\/pl\/basic-knowledge\/#breadcrumb\",\"itemListElement\":[{\"@type\":\"ListItem\",\"position\":1,\"name\":\"Home\",\"item\":\"https:\/\/dev-all4jets.headsapp.net\/pl\/\"},{\"@type\":\"ListItem\",\"position\":2,\"name\":\"Egzaminy z modu\u0142\u00f3w wiedzy podstawowej (EASA)\"}]},{\"@type\":\"WebSite\",\"@id\":\"https:\/\/all4jets.com\/pl\/#website\",\"url\":\"https:\/\/all4jets.com\/pl\/\",\"name\":\"all4jets\",\"description\":\"\",\"potentialAction\":[{\"@type\":\"SearchAction\",\"target\":{\"@type\":\"EntryPoint\",\"urlTemplate\":\"https:\/\/all4jets.com\/pl\/?s={search_term_string}\"},\"query-input\":{\"@type\":\"PropertyValueSpecification\",\"valueRequired\":true,\"valueName\":\"search_term_string\"}}],\"inLanguage\":\"pl-PL\"}]}<\/script>\n<!-- \/ Yoast SEO plugin. -->","yoast_head_json":{"title":"Egzaminy z modu\u0142\u00f3w wiedzy podstawowej (EASA) - all4jets","robots":{"index":"index","follow":"follow","max-snippet":"max-snippet:-1","max-image-preview":"max-image-preview:large","max-video-preview":"max-video-preview:-1"},"canonical":"https:\/\/all4jets.com\/pl\/basic-knowledge\/","og_locale":"pl_PL","og_type":"article","og_title":"Egzaminy z modu\u0142\u00f3w wiedzy podstawowej (EASA) - all4jets","og_description":"ALL4JETS posiada zatwierdzenie Urz\u0119du Lotnictwa Cywilnego do przeprowadzania egzamin\u00f3w z modu\u0142\u00f3w wiedzy podstawowej (EASA) do nast\u0119puj\u0105cych kategorii: A1 (samoloty z silnikiem turbinowym), A2 (samoloty z silnikiem t\u0142okowym), B1.1 (samoloty z silnikiem turbinowym), B1.2 (samoloty z silnikiem t\u0142okowym), B2 (awionika), B3 (samoloty z silnikiem t\u0142okowym, niehermetyzowane, z MTOW poni\u017cej 2 000 kg).","og_url":"https:\/\/all4jets.com\/pl\/basic-knowledge\/","og_site_name":"all4jets","article_modified_time":"2025-11-14T07:32:45+00:00","og_image":[{"width":1068,"height":646,"url":"https:\/\/all4jets.com\/app\/uploads\/2021\/01\/138129426_238960351013513_3858306767148877309_n@2x.png","type":"image\/png"}],"twitter_card":"summary_large_image","twitter_misc":{"Est. reading time":"1 minute"},"schema":{"@context":"https:\/\/schema.org","@graph":[{"@type":"WebPage","@id":"https:\/\/all4jets.com\/pl\/basic-knowledge\/","url":"https:\/\/all4jets.com\/pl\/basic-knowledge\/","name":"Egzaminy z modu\u0142\u00f3w wiedzy podstawowej (EASA) - all4jets","isPartOf":{"@id":"https:\/\/all4jets.com\/pl\/#website"},"primaryImageOfPage":{"@id":"https:\/\/all4jets.com\/pl\/basic-knowledge\/#primaryimage"},"image":{"@id":"https:\/\/all4jets.com\/pl\/basic-knowledge\/#primaryimage"},"thumbnailUrl":"https:\/\/all4jets.com\/app\/uploads\/2021\/01\/138129426_238960351013513_3858306767148877309_n@2x.png","datePublished":"2024-10-21T06:51:18+00:00","dateModified":"2025-11-14T07:32:45+00:00","breadcrumb":{"@id":"https:\/\/all4jets.com\/pl\/basic-knowledge\/#breadcrumb"},"inLanguage":"pl-PL","potentialAction":[{"@type":"ReadAction","target":["https:\/\/all4jets.com\/pl\/basic-knowledge\/"]}]},{"@type":"ImageObject","inLanguage":"pl-PL","@id":"https:\/\/all4jets.com\/pl\/basic-knowledge\/#primaryimage","url":"https:\/\/all4jets.com\/app\/uploads\/2021\/01\/138129426_238960351013513_3858306767148877309_n@2x.png","contentUrl":"https:\/\/all4jets.com\/app\/uploads\/2021\/01\/138129426_238960351013513_3858306767148877309_n@2x.png","width":1068,"height":646},{"@type":"BreadcrumbList","@id":"https:\/\/all4jets.com\/pl\/basic-knowledge\/#breadcrumb","itemListElement":[{"@type":"ListItem","position":1,"name":"Home","item":"https:\/\/dev-all4jets.headsapp.net\/pl\/"},{"@type":"ListItem","position":2,"name":"Egzaminy z modu\u0142\u00f3w wiedzy podstawowej (EASA)"}]},{"@type":"WebSite","@id":"https:\/\/all4jets.com\/pl\/#website","url":"https:\/\/all4jets.com\/pl\/","name":"all4jets","description":"","potentialAction":[{"@type":"SearchAction","target":{"@type":"EntryPoint","urlTemplate":"https:\/\/all4jets.com\/pl\/?s={search_term_string}"},"query-input":{"@type":"PropertyValueSpecification","valueRequired":true,"valueName":"search_term_string"}}],"inLanguage":"pl-PL"}]}},"_links":{"self":[{"href":"https:\/\/all4jets.com\/pl\/wp-json\/wp\/v2\/pages\/24696","targetHints":{"allow":["GET"]}}],"collection":[{"href":"https:\/\/all4jets.com\/pl\/wp-json\/wp\/v2\/pages"}],"about":[{"href":"https:\/\/all4jets.com\/pl\/wp-json\/wp\/v2\/types\/page"}],"author":[{"embeddable":true,"href":"https:\/\/all4jets.com\/pl\/wp-json\/wp\/v2\/users\/2"}],"replies":[{"embeddable":true,"href":"https:\/\/all4jets.com\/pl\/wp-json\/wp\/v2\/comments?post=24696"}],"version-history":[{"count":6,"href":"https:\/\/all4jets.com\/pl\/wp-json\/wp\/v2\/pages\/24696\/revisions"}],"predecessor-version":[{"id":25202,"href":"https:\/\/all4jets.com\/pl\/wp-json\/wp\/v2\/pages\/24696\/revisions\/25202"}],"wp:featuredmedia":[{"embeddable":true,"href":"https:\/\/all4jets.com\/pl\/wp-json\/wp\/v2\/media\/18211"}],"wp:attachment":[{"href":"https:\/\/all4jets.com\/pl\/wp-json\/wp\/v2\/media?parent=24696"}],"curies":[{"name":"wp","href":"https:\/\/api.w.org\/{rel}","templated":true}]}}