{"id":5392,"date":"2021-01-14T14:12:39","date_gmt":"2021-01-14T14:12:39","guid":{"rendered":"https:\/\/part-147.all4jets.headsapp.net\/licencja-faq-easa-part-66\/"},"modified":"2024-10-06T19:14:55","modified_gmt":"2024-10-06T19:14:55","slug":"licencja-faq-easa-part-66","status":"publish","type":"page","link":"https:\/\/all4jets.com\/pl\/licencja-faq-easa-part-66\/","title":{"rendered":"Licencja &#038; FAQ EASA Part-66"},"content":{"rendered":"<h1>Licencja EASA Part-66<\/h1>\n<p>Licencja na Obs\u0142ug\u0119 Techniczn\u0105 Statku Powietrznego (Aircraft Maintenance License, AML) wydana przez pa\u0144stwo inne ni\u017c pa\u0144stwo cz\u0142onkowskie EASA, nie mo\u017ce zosta\u0107 uznana za wa\u017cn\u0105 jako <b>EASA Part-66 AML<\/b>.<\/p>\n<p>ALL4JETS jako organizacj\u0105 szkol\u0105c\u0105 w zakresie obs\u0142ugi technicznej zatwierdzon\u0105 przez EASA (Certyfikat Zatwierdzenia nr PL.147.0017) oferuje wsparcie i pomoc w procesie uzyskania Licencji na Obs\u0142ug\u0119 Techniczn\u0105 Statku Powietrznego, zgodnie z Za\u0142\u0105cznikiem III (Part- 66)<br \/>\nAby uzyska\u0107 Licencj\u0119\u00a0 EASA Part-66 na Obs\u0142ug\u0119 Techniczn\u0105 Statku Powietrznego, wnioskodawca musi wykaza\u0107 si\u0119:<\/p>\n<ul>\n<li>podstawow\u0105 wiedz\u0119 (Part-66.A.25) oraz<\/li>\n<li>podstawowym do\u015bwiadczeniem (Part-66.A.30)<\/li>\n<\/ul>\n<p>Aby uzyska\u0107 TR (uprawnienie na typ) wpisane do Licencji na Obs\u0142ug\u0119 Techniczn\u0105 Statku Powietrznego, kandydat musi uko\u0144czy\u0107:<\/p>\n<ul>\n<li>szkolenie na typ (teoretyczne i praktyczne) (Part- 66.A.45) oraz<\/li>\n<li>szkolenie podczas wykonywania pracy (on job training) dla pierwszego szkolenia na typ TR (Part- 66.A.45)\u00a0<\/li>\n<\/ul>\n<p>\t\t\t<a role=\"button\"><br \/>\n\t\t\t\t\t\tKontakt<br \/>\n\t\t\t\t\t<\/a><br \/>\n\t\t\t\t\t\t\t\t\t\t\t\t\t\t\t\t<a href=\"https:\/\/part-147.all4jets.headsapp.net\/wp-content\/uploads\/2022\/05\/aml-1_0.jpg\" data-elementor-open-lightbox=\"yes\" data-elementor-lightbox-title=\"aml-1_0\" data-e-action-hash=\"#elementor-action%3Aaction%3Dlightbox%26settings%3DeyJpZCI6ODYyNSwidXJsIjoiaHR0cHM6XC9cL3BhcnQtMTQ3LmFsbDRqZXRzLmNvbVwvd3AtY29udGVudFwvdXBsb2Fkc1wvMjAyMlwvMDVcL2FtbC0xXzAuanBnIn0%3D\"><br \/>\n\t\t\t\t\t\t\t<img decoding=\"async\" width=\"1094\" height=\"611\" src=\"https:\/\/part-147.all4jets.headsapp.net\/wp-content\/uploads\/2022\/05\/aml-1_0.jpg\" alt=\"\" loading=\"lazy\" srcset=\"https:\/\/part-147.all4jets.headsapp.net\/wp-content\/uploads\/2022\/05\/aml-1_0.jpg 1094w, https:\/\/part-147.all4jets.headsapp.net\/wp-content\/uploads\/2022\/05\/aml-1_0-542x303.jpg 542w, https:\/\/part-147.all4jets.headsapp.net\/wp-content\/uploads\/2022\/05\/aml-1_0-1024x572.jpg 1024w, https:\/\/part-147.all4jets.headsapp.net\/wp-content\/uploads\/2022\/05\/aml-1_0-768x429.jpg 768w\" sizes=\"auto, (max-width: 1094px) 100vw, 1094px\" \/>\t\t\t\t\t\t\t\t<\/a><br \/>\n\t\t\t<a href=\"https:\/\/www.easa.europa.eu\/faq\/21067\"><br \/>\n\t\t\t\t\t\teasa.europa.eu<br \/>\n\t\t\t\t\t<\/a><\/p>\n<h1>FAQ<\/h1>\n<p>\t\t\t\t\t\t\t\t\t\t\t\t<a tabindex=\"0\">Posiadam licencj\u0119 mechanika wydan\u0105 w kraju trzecim (poza UE), czy mo\u017cna j\u0105 wymieni\u0107 na licencj\u0119 EASA Part-66?<\/a><\/p>\n<p>Nie. W przepisach nie przewidziano mo\u017cliwo\u015bci walidacji takich licencji.<\/p>\n<p>\t\t\t\t\t\t\t\t\t\t\t\t<a tabindex=\"0\">Gdzie mog\u0119 aplikowa\u0107 o wydanie licencji Part-66?<\/a><\/p>\n<p>Wnioski powinny by\u0107 sk\u0142adane we w\u0142a\u015bciwym nadzorze jednego z kraj\u00f3w cz\u0142onkowskich EU. W Polsce jest to Urz\u0105d Lotnictwa Cywilnego.<\/p>\n<p>\t\t\t\t\t\t\t\t\t\t\t\t<a tabindex=\"0\">Czy mo\u017cna wnioskowa\u0107 o licencje bezpo\u015brednio w EASA?<\/a><\/p>\n<p>Nie. EASA nie wydaje licencji Part-66.<\/p>\n<p>\t\t\t\t\t\t\t\t\t\t\t\t<a tabindex=\"0\">Jakie warunki trzeba spe\u0142ni\u0107 aby uzyska\u0107 licencj\u0119 Part-66?<\/a><\/p>\n<p>Kandydat powinien posiada\u0107 wiedz\u0119, potwierdzon\u0105 certyfikatami z egzamin\u00f3w z wiedzy podstawowej oraz odpowiedni\u0105 praktyk\u0119.<\/p>\n<p>\t\t\t\t\t\t\t\t\t\t\t\t<a tabindex=\"0\">Gdzie mog\u0119 zdawa\u0107 egzaminy z wiedzy podstawowej?<\/a><\/p>\n<p>Egzaminy mo\u017cna zdawa\u0107 w zatwierdzonych organizacjach Part-147 np. ALL4JETS lub we w\u0142a\u015bciwym nadzorze.<\/p>\n<p>\t\t\t\t\t\t\t\t\t\t\t\t<a tabindex=\"0\">Ile egzamin\u00f3w trzeba zda\u0107?<\/a><\/p>\n<p>Zakres egzamin\u00f3w jest uzale\u017cniony od rodzaju licencji o jak\u0105 si\u0119 ubiegamy, np. dla licencji B1.1 \u2013 13 modu\u0142\u00f3w, dla B2 \u2013 12 modu\u0142\u00f3w.<\/p>\n<p>\t\t\t\t\t\t\t\t\t\t\t\t<a tabindex=\"0\">Czy do\u015bwiadczenie musi by\u0107 zdobywane w organizacji Part-145?<\/a><\/p>\n<p>Nie. Do\u015bwiadczenie mo\u017ce by\u0107 zdobywane w r\u00f3\u017cnych rodzajach organizacji obs\u0142ugowych.<\/p>\n<p>\t\t\t\t\t\t\t\t\t\t\t\t<a tabindex=\"0\">W jaki spos\u00f3b nale\u017cy dokumentowa\u0107 do\u015bwiadczenie?<\/a><\/p>\n<p>Do\u015bwiadczenie mo\u017ce by\u0107 udokumentowane w r\u00f3\u017cny spos\u00f3b. Mo\u017cna np. u\u017cywa\u0107 ksi\u0105\u017cki mechanika lub przedstawi\u0107 wydruki z systemu komputerowego u\u017cywanego przez organizacj\u0119 obs\u0142ugow\u0105.<\/p>\n<p>\t\t\t\t\t\t\t\t\t\t\t\t<a tabindex=\"0\">Jaki rodzaj do\u015bwiadczenia jest akceptowany?<\/a><\/p>\n<p>Do\u015bwiadczenie musi by\u0107 zdobywane na operuj\u0105cych statkach powietrznych u\u017cywanych przez linie lotnicze, air taxi, aerokluby, w\u0142a\u015bcicieli prywatnych etc., w zale\u017cno\u015bci od rodzaju licencji o jak\u0105 b\u0119dziemy si\u0119 ubiega\u0107. Powinna zawiera\u0107 szeroki zakres zada\u0144 w zakresie zar\u00f3wno ich d\u0142ugo\u015bci jak i poziomu trudno\u015bci. Mo\u017ce by\u0107 zdobywana w trakcie pracy na pe\u0142en lub cz\u0119\u015bciowy etat, jak r\u00f3wnie\u017c w ramach wolontariatu.<\/p>\n<p>\t\t\t\t\t\t\t\t\t\t\t\t<a tabindex=\"0\">Jak du\u017ce do\u015bwiadczenie jest wymagane?<\/a><\/p>\n<p>Jest to uzale\u017cnione od rodzaju licencji i waha si\u0119 od 3 lat (licencja kategorii A\/B1.2\/B1.4 &amp; B3) do 5 lat (kategoria B1.1\/B1.3 &amp; B2).<\/p>\n","protected":false},"excerpt":{"rendered":"<p>Licencja EASA Part-66 Licencja na Obs\u0142ug\u0119 Techniczn\u0105 Statku Powietrznego (Aircraft Maintenance License, AML) wydana przez pa\u0144stwo inne ni\u017c pa\u0144stwo cz\u0142onkowskie EASA, nie mo\u017ce zosta\u0107 uznana za wa\u017cn\u0105 jako EASA Part-66 AML. ALL4JETS jako organizacj\u0105 szkol\u0105c\u0105 w zakresie obs\u0142ugi technicznej zatwierdzon\u0105 przez EASA (Certyfikat Zatwierdzenia nr PL.147.0017) oferuje wsparcie i pomoc w procesie uzyskania Licencji na [&hellip;]<\/p>\n","protected":false},"author":3,"featured_media":0,"parent":0,"menu_order":35,"comment_status":"closed","ping_status":"closed","template":"","meta":{"_acf_changed":false,"inline_featured_image":false,"footnotes":""},"class_list":["post-5392","page","type-page","status-publish","hentry"],"acf":[],"yoast_head":"<!-- This site is optimized with the Yoast SEO plugin v27.2 - https:\/\/yoast.com\/product\/yoast-seo-wordpress\/ -->\n<title>Licencja &amp; FAQ EASA Part-66 - all4jets<\/title>\n<meta name=\"robots\" content=\"index, follow, max-snippet:-1, max-image-preview:large, max-video-preview:-1\" \/>\n<link rel=\"canonical\" href=\"https:\/\/all4jets.com\/pl\/licencja-faq-easa-part-66\/\" \/>\n<meta property=\"og:locale\" content=\"pl_PL\" \/>\n<meta property=\"og:type\" content=\"article\" \/>\n<meta property=\"og:title\" content=\"Licencja &amp; FAQ EASA Part-66 - all4jets\" \/>\n<meta property=\"og:description\" content=\"Licencja EASA Part-66 Licencja na Obs\u0142ug\u0119 Techniczn\u0105 Statku Powietrznego (Aircraft Maintenance License, AML) wydana przez pa\u0144stwo inne ni\u017c pa\u0144stwo cz\u0142onkowskie EASA, nie mo\u017ce zosta\u0107 uznana za wa\u017cn\u0105 jako EASA Part-66 AML. ALL4JETS jako organizacj\u0105 szkol\u0105c\u0105 w zakresie obs\u0142ugi technicznej zatwierdzon\u0105 przez EASA (Certyfikat Zatwierdzenia nr PL.147.0017) oferuje wsparcie i pomoc w procesie uzyskania Licencji na [&hellip;]\" \/>\n<meta property=\"og:url\" content=\"https:\/\/all4jets.com\/pl\/licencja-faq-easa-part-66\/\" \/>\n<meta property=\"og:site_name\" content=\"all4jets\" \/>\n<meta property=\"article:modified_time\" content=\"2024-10-06T19:14:55+00:00\" \/>\n<meta property=\"og:image\" content=\"https:\/\/part-147.all4jets.headsapp.net\/wp-content\/uploads\/2022\/05\/aml-1_0.jpg\" \/>\n<meta name=\"twitter:card\" content=\"summary_large_image\" \/>\n<meta name=\"twitter:label1\" content=\"Est. reading time\" \/>\n\t<meta name=\"twitter:data1\" content=\"2 minutes\" \/>\n<script type=\"application\/ld+json\" class=\"yoast-schema-graph\">{\"@context\":\"https:\/\/schema.org\",\"@graph\":[{\"@type\":\"WebPage\",\"@id\":\"https:\/\/all4jets.com\/pl\/licencja-faq-easa-part-66\/\",\"url\":\"https:\/\/all4jets.com\/pl\/licencja-faq-easa-part-66\/\",\"name\":\"Licencja & FAQ EASA Part-66 - all4jets\",\"isPartOf\":{\"@id\":\"https:\/\/all4jets.com\/pl\/#website\"},\"primaryImageOfPage\":{\"@id\":\"https:\/\/all4jets.com\/pl\/licencja-faq-easa-part-66\/#primaryimage\"},\"image\":{\"@id\":\"https:\/\/all4jets.com\/pl\/licencja-faq-easa-part-66\/#primaryimage\"},\"thumbnailUrl\":\"https:\/\/part-147.all4jets.headsapp.net\/wp-content\/uploads\/2022\/05\/aml-1_0.jpg\",\"datePublished\":\"2021-01-14T14:12:39+00:00\",\"dateModified\":\"2024-10-06T19:14:55+00:00\",\"breadcrumb\":{\"@id\":\"https:\/\/all4jets.com\/pl\/licencja-faq-easa-part-66\/#breadcrumb\"},\"inLanguage\":\"pl-PL\",\"potentialAction\":[{\"@type\":\"ReadAction\",\"target\":[\"https:\/\/all4jets.com\/pl\/licencja-faq-easa-part-66\/\"]}]},{\"@type\":\"ImageObject\",\"inLanguage\":\"pl-PL\",\"@id\":\"https:\/\/all4jets.com\/pl\/licencja-faq-easa-part-66\/#primaryimage\",\"url\":\"https:\/\/part-147.all4jets.headsapp.net\/wp-content\/uploads\/2022\/05\/aml-1_0.jpg\",\"contentUrl\":\"https:\/\/part-147.all4jets.headsapp.net\/wp-content\/uploads\/2022\/05\/aml-1_0.jpg\"},{\"@type\":\"BreadcrumbList\",\"@id\":\"https:\/\/all4jets.com\/pl\/licencja-faq-easa-part-66\/#breadcrumb\",\"itemListElement\":[{\"@type\":\"ListItem\",\"position\":1,\"name\":\"Home\",\"item\":\"https:\/\/dev-all4jets.headsapp.net\/pl\/\"},{\"@type\":\"ListItem\",\"position\":2,\"name\":\"Licencja &#038; FAQ EASA Part-66\"}]},{\"@type\":\"WebSite\",\"@id\":\"https:\/\/all4jets.com\/pl\/#website\",\"url\":\"https:\/\/all4jets.com\/pl\/\",\"name\":\"all4jets\",\"description\":\"\",\"potentialAction\":[{\"@type\":\"SearchAction\",\"target\":{\"@type\":\"EntryPoint\",\"urlTemplate\":\"https:\/\/all4jets.com\/pl\/?s={search_term_string}\"},\"query-input\":{\"@type\":\"PropertyValueSpecification\",\"valueRequired\":true,\"valueName\":\"search_term_string\"}}],\"inLanguage\":\"pl-PL\"}]}<\/script>\n<!-- \/ Yoast SEO plugin. -->","yoast_head_json":{"title":"Licencja & FAQ EASA Part-66 - all4jets","robots":{"index":"index","follow":"follow","max-snippet":"max-snippet:-1","max-image-preview":"max-image-preview:large","max-video-preview":"max-video-preview:-1"},"canonical":"https:\/\/all4jets.com\/pl\/licencja-faq-easa-part-66\/","og_locale":"pl_PL","og_type":"article","og_title":"Licencja & FAQ EASA Part-66 - all4jets","og_description":"Licencja EASA Part-66 Licencja na Obs\u0142ug\u0119 Techniczn\u0105 Statku Powietrznego (Aircraft Maintenance License, AML) wydana przez pa\u0144stwo inne ni\u017c pa\u0144stwo cz\u0142onkowskie EASA, nie mo\u017ce zosta\u0107 uznana za wa\u017cn\u0105 jako EASA Part-66 AML. ALL4JETS jako organizacj\u0105 szkol\u0105c\u0105 w zakresie obs\u0142ugi technicznej zatwierdzon\u0105 przez EASA (Certyfikat Zatwierdzenia nr PL.147.0017) oferuje wsparcie i pomoc w procesie uzyskania Licencji na [&hellip;]","og_url":"https:\/\/all4jets.com\/pl\/licencja-faq-easa-part-66\/","og_site_name":"all4jets","article_modified_time":"2024-10-06T19:14:55+00:00","og_image":[{"url":"https:\/\/part-147.all4jets.headsapp.net\/wp-content\/uploads\/2022\/05\/aml-1_0.jpg","type":"","width":"","height":""}],"twitter_card":"summary_large_image","twitter_misc":{"Est. reading time":"2 minutes"},"schema":{"@context":"https:\/\/schema.org","@graph":[{"@type":"WebPage","@id":"https:\/\/all4jets.com\/pl\/licencja-faq-easa-part-66\/","url":"https:\/\/all4jets.com\/pl\/licencja-faq-easa-part-66\/","name":"Licencja & FAQ EASA Part-66 - all4jets","isPartOf":{"@id":"https:\/\/all4jets.com\/pl\/#website"},"primaryImageOfPage":{"@id":"https:\/\/all4jets.com\/pl\/licencja-faq-easa-part-66\/#primaryimage"},"image":{"@id":"https:\/\/all4jets.com\/pl\/licencja-faq-easa-part-66\/#primaryimage"},"thumbnailUrl":"https:\/\/part-147.all4jets.headsapp.net\/wp-content\/uploads\/2022\/05\/aml-1_0.jpg","datePublished":"2021-01-14T14:12:39+00:00","dateModified":"2024-10-06T19:14:55+00:00","breadcrumb":{"@id":"https:\/\/all4jets.com\/pl\/licencja-faq-easa-part-66\/#breadcrumb"},"inLanguage":"pl-PL","potentialAction":[{"@type":"ReadAction","target":["https:\/\/all4jets.com\/pl\/licencja-faq-easa-part-66\/"]}]},{"@type":"ImageObject","inLanguage":"pl-PL","@id":"https:\/\/all4jets.com\/pl\/licencja-faq-easa-part-66\/#primaryimage","url":"https:\/\/part-147.all4jets.headsapp.net\/wp-content\/uploads\/2022\/05\/aml-1_0.jpg","contentUrl":"https:\/\/part-147.all4jets.headsapp.net\/wp-content\/uploads\/2022\/05\/aml-1_0.jpg"},{"@type":"BreadcrumbList","@id":"https:\/\/all4jets.com\/pl\/licencja-faq-easa-part-66\/#breadcrumb","itemListElement":[{"@type":"ListItem","position":1,"name":"Home","item":"https:\/\/dev-all4jets.headsapp.net\/pl\/"},{"@type":"ListItem","position":2,"name":"Licencja &#038; FAQ EASA Part-66"}]},{"@type":"WebSite","@id":"https:\/\/all4jets.com\/pl\/#website","url":"https:\/\/all4jets.com\/pl\/","name":"all4jets","description":"","potentialAction":[{"@type":"SearchAction","target":{"@type":"EntryPoint","urlTemplate":"https:\/\/all4jets.com\/pl\/?s={search_term_string}"},"query-input":{"@type":"PropertyValueSpecification","valueRequired":true,"valueName":"search_term_string"}}],"inLanguage":"pl-PL"}]}},"_links":{"self":[{"href":"https:\/\/all4jets.com\/pl\/wp-json\/wp\/v2\/pages\/5392","targetHints":{"allow":["GET"]}}],"collection":[{"href":"https:\/\/all4jets.com\/pl\/wp-json\/wp\/v2\/pages"}],"about":[{"href":"https:\/\/all4jets.com\/pl\/wp-json\/wp\/v2\/types\/page"}],"author":[{"embeddable":true,"href":"https:\/\/all4jets.com\/pl\/wp-json\/wp\/v2\/users\/3"}],"replies":[{"embeddable":true,"href":"https:\/\/all4jets.com\/pl\/wp-json\/wp\/v2\/comments?post=5392"}],"version-history":[{"count":0,"href":"https:\/\/all4jets.com\/pl\/wp-json\/wp\/v2\/pages\/5392\/revisions"}],"wp:attachment":[{"href":"https:\/\/all4jets.com\/pl\/wp-json\/wp\/v2\/media?parent=5392"}],"curies":[{"name":"wp","href":"https:\/\/api.w.org\/{rel}","templated":true}]}}