{"id":20920,"date":"2025-02-02T19:30:55","date_gmt":"2025-02-02T19:30:55","guid":{"rendered":"http:\/\/all4jets.local\/?post_type=product&#038;p=20920"},"modified":"2026-03-24T11:21:31","modified_gmt":"2026-03-24T11:21:31","slug":"szkolenie-w-zakresie-bezpieczenstwa-w-tym-czynnik-ludzki-ewis-fts-pakiet-szkolen-dostep-180-dni","status":"publish","type":"product","link":"https:\/\/all4jets.com\/pl\/produkt\/szkolenie-w-zakresie-bezpieczenstwa-w-tym-czynnik-ludzki-ewis-fts-pakiet-szkolen-dostep-180-dni\/","title":{"rendered":"Szkolenia z zakresu bezpiecze\u0144stwa (w tym czynnik ludzki), EWIS, FTS &#8211; pakiet szkole\u0144 &#8211; dost\u0119p: 90 dni"},"content":{"rendered":"<p>Pakiet szkole\u0144 z kursami dost\u0119pnymi na dowolnie wybranym poziomie. Kursy e-learningowe udost\u0119pniane s\u0105 na platformie e-learningowej ALL4JETS. Po uko\u0144czeniu ka\u017cdego kursu i uzyskaniu pozytywnego wyniku z egzaminu ko\u0144cowego (ponad 75% poprawnych odpowiedzi), kursant otrzymuje certyfikat. Dozwolone jest jedno ponowne podej\u015bcie do egzaminu. Certyfikaty &#8211; wy\u0142\u0105cznie w wersji elektronicznej, dost\u0119pne do pobrania z platformy e-learningowej ALL4JETS po uko\u0144czeniu ka\u017cdego kursu online. Dost\u0119p do wszystkich kurs\u00f3w e-learningowych z tego pakietu &#8211; 90 dni.<\/p>\n<p><strong>Szkolenie w zakresie bezpiecze\u0144stwa (w tym czynnik ludzki)<\/strong><br \/>\nTre\u015b\u0107 kursu jest zgodna z przepisami Part-145 (145.A.30(e), GM 145.A.30(e)), jednak nie jest odpowiednikiem szkolenia Part-66 Modu\u0142 9.Aby uzyska\u0107 szczeg\u00f3\u0142owe informacje na temat wymaga\u0144 dotycz\u0105cych personelu wymaganego do odbycia szkolenia, patrz AMC 2 145.A.30(e).<\/p>\n<p><strong>EWIS<\/strong><br \/>\nTre\u015b\u0107 kursu jest zgodna z AMC 20-22.Aby uzyska\u0107 szczeg\u00f3\u0142owe informacje na temat wymaga\u0144 dotycz\u0105cych personelu wymaganego do odbycia szkolenia, patrz AMC 20-22.<\/p>\n<p><strong>FTS<\/strong><br \/>\nTre\u015b\u0107 kursu jest zgodna z &#8220;Dodatkiem IV do AMC do 145.A.30(e) i 145.B.10(3)&#8221; oraz &#8220;Dodatkiem XII do AMC do M.A.706(f) i M.B.102(c)&#8221;.Aby uzyska\u0107 szczeg\u00f3\u0142owe informacje na temat wymaga\u0144 dotycz\u0105cych personelu, kt\u00f3ry musi przej\u015b\u0107 szkolenie, patrz &#8220;Dodatek IV do AMC do 145.A.30(e) i 145.B.10(3)&#8221; oraz &#8220;Dodatek XII do AMC do M.A.706(f) i M.B.102(c)&#8221;.<\/p>\n","protected":false},"excerpt":{"rendered":"<p>Pakiet szkole\u0144 z kursami dost\u0119pnymi na dowolnie wybranym poziomie. Kursy e-learningowe udost\u0119pniane s\u0105 na platformie e-learningowej ALL4JETS. Po uko\u0144czeniu ka\u017cdego kursu i uzyskaniu pozytywnego wyniku z egzaminu ko\u0144cowego (ponad 75% poprawnych odpowiedzi), kursant otrzymuje certyfikat. Dozwolone jest jedno ponowne podej\u015bcie do egzaminu. Certyfikaty &#8211; wy\u0142\u0105cznie w wersji elektronicznej, dost\u0119pne do pobrania z platformy e-learningowej ALL4JETS [&hellip;]<\/p>\n","protected":false},"featured_media":0,"comment_status":"closed","ping_status":"closed","template":"","meta":{"_acf_changed":false,"inline_featured_image":false},"product_brand":[],"product_cat":[594],"product_tag":[],"plane-family":[],"training-type":[],"license-category":[],"class_list":{"0":"post-20920","1":"product","2":"type-product","3":"status-publish","5":"product_cat-hf-pl","7":"first","8":"instock","9":"sale","10":"sold-individually","11":"taxable","12":"shipping-taxable","13":"purchasable","14":"product-type-variable","15":"has-default-attributes"},"acf":[],"yoast_head":"<!-- This site is optimized with the Yoast SEO plugin v27.2 - https:\/\/yoast.com\/product\/yoast-seo-wordpress\/ -->\n<title>Szkolenia z zakresu bezpiecze\u0144stwa (w tym czynnik ludzki), EWIS, FTS - pakiet szkole\u0144 - dost\u0119p: 90 dni - all4jets<\/title>\n<meta name=\"robots\" content=\"index, follow, max-snippet:-1, max-image-preview:large, max-video-preview:-1\" \/>\n<link rel=\"canonical\" href=\"https:\/\/all4jets.com\/pl\/produkt\/szkolenie-w-zakresie-bezpieczenstwa-w-tym-czynnik-ludzki-ewis-fts-pakiet-szkolen-dostep-180-dni\/\" \/>\n<meta property=\"og:locale\" content=\"pl_PL\" \/>\n<meta property=\"og:type\" content=\"article\" \/>\n<meta property=\"og:title\" content=\"Szkolenia z zakresu bezpiecze\u0144stwa (w tym czynnik ludzki), EWIS, FTS - pakiet szkole\u0144 - dost\u0119p: 90 dni - all4jets\" \/>\n<meta property=\"og:description\" content=\"Pakiet szkole\u0144 z kursami dost\u0119pnymi na dowolnie wybranym poziomie. Kursy e-learningowe udost\u0119pniane s\u0105 na platformie e-learningowej ALL4JETS. Po uko\u0144czeniu ka\u017cdego kursu i uzyskaniu pozytywnego wyniku z egzaminu ko\u0144cowego (ponad 75% poprawnych odpowiedzi), kursant otrzymuje certyfikat. Dozwolone jest jedno ponowne podej\u015bcie do egzaminu. Certyfikaty &#8211; wy\u0142\u0105cznie w wersji elektronicznej, dost\u0119pne do pobrania z platformy e-learningowej ALL4JETS [&hellip;]\" \/>\n<meta property=\"og:url\" content=\"https:\/\/all4jets.com\/pl\/produkt\/szkolenie-w-zakresie-bezpieczenstwa-w-tym-czynnik-ludzki-ewis-fts-pakiet-szkolen-dostep-180-dni\/\" \/>\n<meta property=\"og:site_name\" content=\"all4jets\" \/>\n<meta property=\"article:modified_time\" content=\"2026-03-24T11:21:31+00:00\" \/>\n<meta name=\"twitter:card\" content=\"summary_large_image\" \/>\n<meta name=\"twitter:label1\" content=\"Est. reading time\" \/>\n\t<meta name=\"twitter:data1\" content=\"1 minute\" \/>\n<script type=\"application\/ld+json\" class=\"yoast-schema-graph\">{\"@context\":\"https:\/\/schema.org\",\"@graph\":[{\"@type\":\"WebPage\",\"@id\":\"https:\/\/all4jets.com\/pl\/produkt\/szkolenie-w-zakresie-bezpieczenstwa-w-tym-czynnik-ludzki-ewis-fts-pakiet-szkolen-dostep-180-dni\/\",\"url\":\"https:\/\/all4jets.com\/pl\/produkt\/szkolenie-w-zakresie-bezpieczenstwa-w-tym-czynnik-ludzki-ewis-fts-pakiet-szkolen-dostep-180-dni\/\",\"name\":\"Szkolenia z zakresu bezpiecze\u0144stwa (w tym czynnik ludzki), EWIS, FTS - pakiet szkole\u0144 - dost\u0119p: 90 dni - all4jets\",\"isPartOf\":{\"@id\":\"https:\/\/all4jets.com\/pl\/#website\"},\"datePublished\":\"2025-02-02T19:30:55+00:00\",\"dateModified\":\"2026-03-24T11:21:31+00:00\",\"breadcrumb\":{\"@id\":\"https:\/\/all4jets.com\/pl\/produkt\/szkolenie-w-zakresie-bezpieczenstwa-w-tym-czynnik-ludzki-ewis-fts-pakiet-szkolen-dostep-180-dni\/#breadcrumb\"},\"inLanguage\":\"pl-PL\",\"potentialAction\":[{\"@type\":\"ReadAction\",\"target\":[\"https:\/\/all4jets.com\/pl\/produkt\/szkolenie-w-zakresie-bezpieczenstwa-w-tym-czynnik-ludzki-ewis-fts-pakiet-szkolen-dostep-180-dni\/\"]}]},{\"@type\":\"BreadcrumbList\",\"@id\":\"https:\/\/all4jets.com\/pl\/produkt\/szkolenie-w-zakresie-bezpieczenstwa-w-tym-czynnik-ludzki-ewis-fts-pakiet-szkolen-dostep-180-dni\/#breadcrumb\",\"itemListElement\":[{\"@type\":\"ListItem\",\"position\":1,\"name\":\"Home\",\"item\":\"https:\/\/dev-all4jets.headsapp.net\/pl\/\"},{\"@type\":\"ListItem\",\"position\":2,\"name\":\"E-learning\",\"item\":\"https:\/\/dev-all4jets.headsapp.net\/shop\/\"},{\"@type\":\"ListItem\",\"position\":3,\"name\":\"Szkolenia z zakresu bezpiecze\u0144stwa (w tym czynnik ludzki), EWIS, FTS &#8211; pakiet szkole\u0144 &#8211; dost\u0119p: 90 dni\"}]},{\"@type\":\"WebSite\",\"@id\":\"https:\/\/all4jets.com\/pl\/#website\",\"url\":\"https:\/\/all4jets.com\/pl\/\",\"name\":\"all4jets\",\"description\":\"\",\"potentialAction\":[{\"@type\":\"SearchAction\",\"target\":{\"@type\":\"EntryPoint\",\"urlTemplate\":\"https:\/\/all4jets.com\/pl\/?s={search_term_string}\"},\"query-input\":{\"@type\":\"PropertyValueSpecification\",\"valueRequired\":true,\"valueName\":\"search_term_string\"}}],\"inLanguage\":\"pl-PL\"}]}<\/script>\n<!-- \/ Yoast SEO plugin. -->","yoast_head_json":{"title":"Szkolenia z zakresu bezpiecze\u0144stwa (w tym czynnik ludzki), EWIS, FTS - pakiet szkole\u0144 - dost\u0119p: 90 dni - all4jets","robots":{"index":"index","follow":"follow","max-snippet":"max-snippet:-1","max-image-preview":"max-image-preview:large","max-video-preview":"max-video-preview:-1"},"canonical":"https:\/\/all4jets.com\/pl\/produkt\/szkolenie-w-zakresie-bezpieczenstwa-w-tym-czynnik-ludzki-ewis-fts-pakiet-szkolen-dostep-180-dni\/","og_locale":"pl_PL","og_type":"article","og_title":"Szkolenia z zakresu bezpiecze\u0144stwa (w tym czynnik ludzki), EWIS, FTS - pakiet szkole\u0144 - dost\u0119p: 90 dni - all4jets","og_description":"Pakiet szkole\u0144 z kursami dost\u0119pnymi na dowolnie wybranym poziomie. Kursy e-learningowe udost\u0119pniane s\u0105 na platformie e-learningowej ALL4JETS. Po uko\u0144czeniu ka\u017cdego kursu i uzyskaniu pozytywnego wyniku z egzaminu ko\u0144cowego (ponad 75% poprawnych odpowiedzi), kursant otrzymuje certyfikat. Dozwolone jest jedno ponowne podej\u015bcie do egzaminu. Certyfikaty &#8211; wy\u0142\u0105cznie w wersji elektronicznej, dost\u0119pne do pobrania z platformy e-learningowej ALL4JETS [&hellip;]","og_url":"https:\/\/all4jets.com\/pl\/produkt\/szkolenie-w-zakresie-bezpieczenstwa-w-tym-czynnik-ludzki-ewis-fts-pakiet-szkolen-dostep-180-dni\/","og_site_name":"all4jets","article_modified_time":"2026-03-24T11:21:31+00:00","twitter_card":"summary_large_image","twitter_misc":{"Est. reading time":"1 minute"},"schema":{"@context":"https:\/\/schema.org","@graph":[{"@type":"WebPage","@id":"https:\/\/all4jets.com\/pl\/produkt\/szkolenie-w-zakresie-bezpieczenstwa-w-tym-czynnik-ludzki-ewis-fts-pakiet-szkolen-dostep-180-dni\/","url":"https:\/\/all4jets.com\/pl\/produkt\/szkolenie-w-zakresie-bezpieczenstwa-w-tym-czynnik-ludzki-ewis-fts-pakiet-szkolen-dostep-180-dni\/","name":"Szkolenia z zakresu bezpiecze\u0144stwa (w tym czynnik ludzki), EWIS, FTS - pakiet szkole\u0144 - dost\u0119p: 90 dni - all4jets","isPartOf":{"@id":"https:\/\/all4jets.com\/pl\/#website"},"datePublished":"2025-02-02T19:30:55+00:00","dateModified":"2026-03-24T11:21:31+00:00","breadcrumb":{"@id":"https:\/\/all4jets.com\/pl\/produkt\/szkolenie-w-zakresie-bezpieczenstwa-w-tym-czynnik-ludzki-ewis-fts-pakiet-szkolen-dostep-180-dni\/#breadcrumb"},"inLanguage":"pl-PL","potentialAction":[{"@type":"ReadAction","target":["https:\/\/all4jets.com\/pl\/produkt\/szkolenie-w-zakresie-bezpieczenstwa-w-tym-czynnik-ludzki-ewis-fts-pakiet-szkolen-dostep-180-dni\/"]}]},{"@type":"BreadcrumbList","@id":"https:\/\/all4jets.com\/pl\/produkt\/szkolenie-w-zakresie-bezpieczenstwa-w-tym-czynnik-ludzki-ewis-fts-pakiet-szkolen-dostep-180-dni\/#breadcrumb","itemListElement":[{"@type":"ListItem","position":1,"name":"Home","item":"https:\/\/dev-all4jets.headsapp.net\/pl\/"},{"@type":"ListItem","position":2,"name":"E-learning","item":"https:\/\/dev-all4jets.headsapp.net\/shop\/"},{"@type":"ListItem","position":3,"name":"Szkolenia z zakresu bezpiecze\u0144stwa (w tym czynnik ludzki), EWIS, FTS &#8211; pakiet szkole\u0144 &#8211; dost\u0119p: 90 dni"}]},{"@type":"WebSite","@id":"https:\/\/all4jets.com\/pl\/#website","url":"https:\/\/all4jets.com\/pl\/","name":"all4jets","description":"","potentialAction":[{"@type":"SearchAction","target":{"@type":"EntryPoint","urlTemplate":"https:\/\/all4jets.com\/pl\/?s={search_term_string}"},"query-input":{"@type":"PropertyValueSpecification","valueRequired":true,"valueName":"search_term_string"}}],"inLanguage":"pl-PL"}]}},"_links":{"self":[{"href":"https:\/\/all4jets.com\/pl\/wp-json\/wp\/v2\/product\/20920","targetHints":{"allow":["GET"]}}],"collection":[{"href":"https:\/\/all4jets.com\/pl\/wp-json\/wp\/v2\/product"}],"about":[{"href":"https:\/\/all4jets.com\/pl\/wp-json\/wp\/v2\/types\/product"}],"replies":[{"embeddable":true,"href":"https:\/\/all4jets.com\/pl\/wp-json\/wp\/v2\/comments?post=20920"}],"wp:attachment":[{"href":"https:\/\/all4jets.com\/pl\/wp-json\/wp\/v2\/media?parent=20920"}],"wp:term":[{"taxonomy":"product_brand","embeddable":true,"href":"https:\/\/all4jets.com\/pl\/wp-json\/wp\/v2\/product_brand?post=20920"},{"taxonomy":"product_cat","embeddable":true,"href":"https:\/\/all4jets.com\/pl\/wp-json\/wp\/v2\/product_cat?post=20920"},{"taxonomy":"product_tag","embeddable":true,"href":"https:\/\/all4jets.com\/pl\/wp-json\/wp\/v2\/product_tag?post=20920"},{"taxonomy":"plane-family","embeddable":true,"href":"https:\/\/all4jets.com\/pl\/wp-json\/wp\/v2\/plane-family?post=20920"},{"taxonomy":"training-type","embeddable":true,"href":"https:\/\/all4jets.com\/pl\/wp-json\/wp\/v2\/training-type?post=20920"},{"taxonomy":"license-category","embeddable":true,"href":"https:\/\/all4jets.com\/pl\/wp-json\/wp\/v2\/license-category?post=20920"}],"curies":[{"name":"wp","href":"https:\/\/api.w.org\/{rel}","templated":true}]}}