{"id":20924,"date":"2025-02-02T19:30:56","date_gmt":"2025-02-02T19:30:56","guid":{"rendered":"http:\/\/all4jets.local\/?post_type=product&#038;p=20924"},"modified":"2026-01-15T20:02:05","modified_gmt":"2026-01-15T20:02:05","slug":"bezpieczenstwo-samolotowych-zbiornikow-paliwowych-fts","status":"publish","type":"product","link":"https:\/\/all4jets.com\/pl\/produkt\/bezpieczenstwo-samolotowych-zbiornikow-paliwowych-fts\/","title":{"rendered":"Bezpiecze\u0144stwo Samolotowych Zbiornik\u00f3w Paliwowych (FTS)"},"content":{"rendered":"<p>Szkolenie jest realizowane poprzez platform\u0119 e-learnignow\u0105 ALL4JETS. Po uko\u0144czeniu kursu i uzyskaniu pozytywnego wyniku z egzaminu ko\u0144cowego (ponad 75% poprawnych odpowiedzi), uczestnik otrzymuje certyfikat. Dozwolone jest jedno powt\u00f3rzenie podej\u015bcia do egzaminu.<\/p>\n<p>Zawarto\u015b\u0107 kursu jest zgodna z \u201eZa\u0142\u0105cznikiem IV do AMC 145.A.30(e) oraz 145.B.10(3)\u201d oraz \u201eZa\u0142\u0105cznikiem XII do AMC M.A.706(f) oraz M.B.102(c)\u201d.<br \/>\nSzczeg\u00f3\u0142y nt. wymaga\u0144 personelu, kt\u00f3ry powinien otrzyma\u0107 szkolenie znajduj\u0105 si\u0119 w Za\u0142\u0105czniku IV do AMC 145.A.30(e) oraz 145.B.10(3)\u201d oraz \u201eZa\u0142\u0105czniku XII do AMC M.A.706(f) oraz M.B.102(c)\u201d.<\/p>\n","protected":false},"excerpt":{"rendered":"<p>Szkolenie jest realizowane poprzez platform\u0119 e-learnignow\u0105 ALL4JETS. Po uko\u0144czeniu kursu i uzyskaniu pozytywnego wyniku z egzaminu ko\u0144cowego (ponad 75% poprawnych odpowiedzi), uczestnik otrzymuje certyfikat. Dozwolone jest jedno powt\u00f3rzenie podej\u015bcia do egzaminu. Zawarto\u015b\u0107 kursu jest zgodna z \u201eZa\u0142\u0105cznikiem IV do AMC 145.A.30(e) oraz 145.B.10(3)\u201d oraz \u201eZa\u0142\u0105cznikiem XII do AMC M.A.706(f) oraz M.B.102(c)\u201d. Szczeg\u00f3\u0142y nt. wymaga\u0144 personelu, [&hellip;]<\/p>\n","protected":false},"featured_media":0,"comment_status":"closed","ping_status":"closed","template":"","meta":{"_acf_changed":false,"inline_featured_image":false},"product_brand":[],"product_cat":[594],"product_tag":[],"plane-family":[],"training-type":[539],"license-category":[],"class_list":{"0":"post-20924","1":"product","2":"type-product","3":"status-publish","5":"product_cat-hf-pl","6":"training-type-e-learning","8":"first","9":"outofstock","10":"sold-individually","11":"taxable","12":"shipping-taxable","13":"product-type-variable"},"acf":[],"yoast_head":"<!-- This site is optimized with the Yoast SEO plugin v27.2 - https:\/\/yoast.com\/product\/yoast-seo-wordpress\/ -->\n<title>Bezpiecze\u0144stwo Samolotowych Zbiornik\u00f3w Paliwowych (FTS) - all4jets<\/title>\n<meta name=\"robots\" content=\"index, follow, max-snippet:-1, max-image-preview:large, max-video-preview:-1\" \/>\n<link rel=\"canonical\" href=\"https:\/\/all4jets.com\/pl\/produkt\/bezpieczenstwo-samolotowych-zbiornikow-paliwowych-fts\/\" \/>\n<meta property=\"og:locale\" content=\"pl_PL\" \/>\n<meta property=\"og:type\" content=\"article\" \/>\n<meta property=\"og:title\" content=\"Bezpiecze\u0144stwo Samolotowych Zbiornik\u00f3w Paliwowych (FTS) - all4jets\" \/>\n<meta property=\"og:description\" content=\"Szkolenie jest realizowane poprzez platform\u0119 e-learnignow\u0105 ALL4JETS. Po uko\u0144czeniu kursu i uzyskaniu pozytywnego wyniku z egzaminu ko\u0144cowego (ponad 75% poprawnych odpowiedzi), uczestnik otrzymuje certyfikat. Dozwolone jest jedno powt\u00f3rzenie podej\u015bcia do egzaminu. Zawarto\u015b\u0107 kursu jest zgodna z \u201eZa\u0142\u0105cznikiem IV do AMC 145.A.30(e) oraz 145.B.10(3)\u201d oraz \u201eZa\u0142\u0105cznikiem XII do AMC M.A.706(f) oraz M.B.102(c)\u201d. Szczeg\u00f3\u0142y nt. wymaga\u0144 personelu, [&hellip;]\" \/>\n<meta property=\"og:url\" content=\"https:\/\/all4jets.com\/pl\/produkt\/bezpieczenstwo-samolotowych-zbiornikow-paliwowych-fts\/\" \/>\n<meta property=\"og:site_name\" content=\"all4jets\" \/>\n<meta property=\"article:modified_time\" content=\"2026-01-15T20:02:05+00:00\" \/>\n<meta name=\"twitter:card\" content=\"summary_large_image\" \/>\n<meta name=\"twitter:label1\" content=\"Est. reading time\" \/>\n\t<meta name=\"twitter:data1\" content=\"1 minute\" \/>\n<script type=\"application\/ld+json\" class=\"yoast-schema-graph\">{\"@context\":\"https:\/\/schema.org\",\"@graph\":[{\"@type\":\"WebPage\",\"@id\":\"https:\/\/all4jets.com\/pl\/produkt\/bezpieczenstwo-samolotowych-zbiornikow-paliwowych-fts\/\",\"url\":\"https:\/\/all4jets.com\/pl\/produkt\/bezpieczenstwo-samolotowych-zbiornikow-paliwowych-fts\/\",\"name\":\"Bezpiecze\u0144stwo Samolotowych Zbiornik\u00f3w Paliwowych (FTS) - all4jets\",\"isPartOf\":{\"@id\":\"https:\/\/all4jets.com\/pl\/#website\"},\"datePublished\":\"2025-02-02T19:30:56+00:00\",\"dateModified\":\"2026-01-15T20:02:05+00:00\",\"breadcrumb\":{\"@id\":\"https:\/\/all4jets.com\/pl\/produkt\/bezpieczenstwo-samolotowych-zbiornikow-paliwowych-fts\/#breadcrumb\"},\"inLanguage\":\"pl-PL\",\"potentialAction\":[{\"@type\":\"ReadAction\",\"target\":[\"https:\/\/all4jets.com\/pl\/produkt\/bezpieczenstwo-samolotowych-zbiornikow-paliwowych-fts\/\"]}]},{\"@type\":\"BreadcrumbList\",\"@id\":\"https:\/\/all4jets.com\/pl\/produkt\/bezpieczenstwo-samolotowych-zbiornikow-paliwowych-fts\/#breadcrumb\",\"itemListElement\":[{\"@type\":\"ListItem\",\"position\":1,\"name\":\"Home\",\"item\":\"https:\/\/dev-all4jets.headsapp.net\/pl\/\"},{\"@type\":\"ListItem\",\"position\":2,\"name\":\"E-learning\",\"item\":\"https:\/\/dev-all4jets.headsapp.net\/shop\/\"},{\"@type\":\"ListItem\",\"position\":3,\"name\":\"Bezpiecze\u0144stwo Samolotowych Zbiornik\u00f3w Paliwowych (FTS)\"}]},{\"@type\":\"WebSite\",\"@id\":\"https:\/\/all4jets.com\/pl\/#website\",\"url\":\"https:\/\/all4jets.com\/pl\/\",\"name\":\"all4jets\",\"description\":\"\",\"potentialAction\":[{\"@type\":\"SearchAction\",\"target\":{\"@type\":\"EntryPoint\",\"urlTemplate\":\"https:\/\/all4jets.com\/pl\/?s={search_term_string}\"},\"query-input\":{\"@type\":\"PropertyValueSpecification\",\"valueRequired\":true,\"valueName\":\"search_term_string\"}}],\"inLanguage\":\"pl-PL\"}]}<\/script>\n<!-- \/ Yoast SEO plugin. -->","yoast_head_json":{"title":"Bezpiecze\u0144stwo Samolotowych Zbiornik\u00f3w Paliwowych (FTS) - all4jets","robots":{"index":"index","follow":"follow","max-snippet":"max-snippet:-1","max-image-preview":"max-image-preview:large","max-video-preview":"max-video-preview:-1"},"canonical":"https:\/\/all4jets.com\/pl\/produkt\/bezpieczenstwo-samolotowych-zbiornikow-paliwowych-fts\/","og_locale":"pl_PL","og_type":"article","og_title":"Bezpiecze\u0144stwo Samolotowych Zbiornik\u00f3w Paliwowych (FTS) - all4jets","og_description":"Szkolenie jest realizowane poprzez platform\u0119 e-learnignow\u0105 ALL4JETS. Po uko\u0144czeniu kursu i uzyskaniu pozytywnego wyniku z egzaminu ko\u0144cowego (ponad 75% poprawnych odpowiedzi), uczestnik otrzymuje certyfikat. Dozwolone jest jedno powt\u00f3rzenie podej\u015bcia do egzaminu. Zawarto\u015b\u0107 kursu jest zgodna z \u201eZa\u0142\u0105cznikiem IV do AMC 145.A.30(e) oraz 145.B.10(3)\u201d oraz \u201eZa\u0142\u0105cznikiem XII do AMC M.A.706(f) oraz M.B.102(c)\u201d. Szczeg\u00f3\u0142y nt. wymaga\u0144 personelu, [&hellip;]","og_url":"https:\/\/all4jets.com\/pl\/produkt\/bezpieczenstwo-samolotowych-zbiornikow-paliwowych-fts\/","og_site_name":"all4jets","article_modified_time":"2026-01-15T20:02:05+00:00","twitter_card":"summary_large_image","twitter_misc":{"Est. reading time":"1 minute"},"schema":{"@context":"https:\/\/schema.org","@graph":[{"@type":"WebPage","@id":"https:\/\/all4jets.com\/pl\/produkt\/bezpieczenstwo-samolotowych-zbiornikow-paliwowych-fts\/","url":"https:\/\/all4jets.com\/pl\/produkt\/bezpieczenstwo-samolotowych-zbiornikow-paliwowych-fts\/","name":"Bezpiecze\u0144stwo Samolotowych Zbiornik\u00f3w Paliwowych (FTS) - all4jets","isPartOf":{"@id":"https:\/\/all4jets.com\/pl\/#website"},"datePublished":"2025-02-02T19:30:56+00:00","dateModified":"2026-01-15T20:02:05+00:00","breadcrumb":{"@id":"https:\/\/all4jets.com\/pl\/produkt\/bezpieczenstwo-samolotowych-zbiornikow-paliwowych-fts\/#breadcrumb"},"inLanguage":"pl-PL","potentialAction":[{"@type":"ReadAction","target":["https:\/\/all4jets.com\/pl\/produkt\/bezpieczenstwo-samolotowych-zbiornikow-paliwowych-fts\/"]}]},{"@type":"BreadcrumbList","@id":"https:\/\/all4jets.com\/pl\/produkt\/bezpieczenstwo-samolotowych-zbiornikow-paliwowych-fts\/#breadcrumb","itemListElement":[{"@type":"ListItem","position":1,"name":"Home","item":"https:\/\/dev-all4jets.headsapp.net\/pl\/"},{"@type":"ListItem","position":2,"name":"E-learning","item":"https:\/\/dev-all4jets.headsapp.net\/shop\/"},{"@type":"ListItem","position":3,"name":"Bezpiecze\u0144stwo Samolotowych Zbiornik\u00f3w Paliwowych (FTS)"}]},{"@type":"WebSite","@id":"https:\/\/all4jets.com\/pl\/#website","url":"https:\/\/all4jets.com\/pl\/","name":"all4jets","description":"","potentialAction":[{"@type":"SearchAction","target":{"@type":"EntryPoint","urlTemplate":"https:\/\/all4jets.com\/pl\/?s={search_term_string}"},"query-input":{"@type":"PropertyValueSpecification","valueRequired":true,"valueName":"search_term_string"}}],"inLanguage":"pl-PL"}]}},"_links":{"self":[{"href":"https:\/\/all4jets.com\/pl\/wp-json\/wp\/v2\/product\/20924","targetHints":{"allow":["GET"]}}],"collection":[{"href":"https:\/\/all4jets.com\/pl\/wp-json\/wp\/v2\/product"}],"about":[{"href":"https:\/\/all4jets.com\/pl\/wp-json\/wp\/v2\/types\/product"}],"replies":[{"embeddable":true,"href":"https:\/\/all4jets.com\/pl\/wp-json\/wp\/v2\/comments?post=20924"}],"wp:attachment":[{"href":"https:\/\/all4jets.com\/pl\/wp-json\/wp\/v2\/media?parent=20924"}],"wp:term":[{"taxonomy":"product_brand","embeddable":true,"href":"https:\/\/all4jets.com\/pl\/wp-json\/wp\/v2\/product_brand?post=20924"},{"taxonomy":"product_cat","embeddable":true,"href":"https:\/\/all4jets.com\/pl\/wp-json\/wp\/v2\/product_cat?post=20924"},{"taxonomy":"product_tag","embeddable":true,"href":"https:\/\/all4jets.com\/pl\/wp-json\/wp\/v2\/product_tag?post=20924"},{"taxonomy":"plane-family","embeddable":true,"href":"https:\/\/all4jets.com\/pl\/wp-json\/wp\/v2\/plane-family?post=20924"},{"taxonomy":"training-type","embeddable":true,"href":"https:\/\/all4jets.com\/pl\/wp-json\/wp\/v2\/training-type?post=20924"},{"taxonomy":"license-category","embeddable":true,"href":"https:\/\/all4jets.com\/pl\/wp-json\/wp\/v2\/license-category?post=20924"}],"curies":[{"name":"wp","href":"https:\/\/api.w.org\/{rel}","templated":true}]}}