{"id":20925,"date":"2025-02-02T19:30:56","date_gmt":"2025-02-02T19:30:56","guid":{"rendered":"http:\/\/all4jets.local\/?post_type=product&#038;p=20925"},"modified":"2026-01-15T20:02:05","modified_gmt":"2026-01-15T20:02:05","slug":"szkolenie-w-zakresie-bezpieczenstwa-w-tym-czynnik-ludzki","status":"publish","type":"product","link":"https:\/\/all4jets.com\/pl\/produkt\/szkolenie-w-zakresie-bezpieczenstwa-w-tym-czynnik-ludzki\/","title":{"rendered":"Szkolenie w zakresie bezpiecze\u0144stwa (w tym Czynnik Ludzki)"},"content":{"rendered":"<p>To szkolenie e-learningowe jest szkoleniem z zakresu czynnika ludzkiego bezpiecze\u0144stwa (w tym Czynnik Ludzki) dla personelu organizacji obs\u0142ugi technicznej takiego jak:<\/p>\n<ul>\n<li>Personel kierowniczy;<\/li>\n<li>Personel certyfikuj\u0105cy, wspomagaj\u0105cy obs\u0142ug\u0119, mechanicy lotniczy;<\/li>\n<li>Pracownicy dzia\u0142\u00f3w planistycznych, in\u017cynierowie, personel dzia\u0142\u00f3w \u015bledzenia zapis\u00f3w;<\/li>\n<li>Pracownicy systemu kontroli jako\u015bci;<\/li>\n<li>Wyspecjalizowany personel obs\u0142ugowy;<\/li>\n<li>Pracownicy i instruktorzy zajmuj\u0105cy si\u0119 zagadnieniami czynnika ludzkiego;<\/li>\n<li>Pracownicy dzia\u0142\u00f3w zaopatrzenia i logistyki;<\/li>\n<li>Operatorzy wyposa\u017cenia naziemnego.<\/li>\n<\/ul>\n<p>Szkolenie jest realizowane poprzez platform\u0119 e-learnignow\u0105 ALL4JETS. Po uko\u0144czeniu kursu i uzyskaniu pozytywnego wyniku z egzaminu ko\u0144cowego (ponad 75% poprawnych odpowiedzi), uczestnik otrzymuje certyfikat. Dozwolone jest jedno powt\u00f3rzenie podej\u015bcia do egzaminu.<\/p>\n<p>Zawarto\u015b\u0107 kursu jest zgodna z przepisami Part-145 (145.A.30(e), GM 145.A.30(e)), nie stanowi natomiast ekwiwalentu szkolenia z zakresu Modu\u0142u 9 do wydania licencji Part-66.<br \/>\nSzczeg\u00f3\u0142y nt. wymaga\u0144 personelu, kt\u00f3ry powinien otrzyma\u0107 szkolenie znajduj\u0105 si\u0119 w AMC 2 145.A.30(e).<\/p>\n","protected":false},"excerpt":{"rendered":"<p>To szkolenie e-learningowe jest szkoleniem z zakresu czynnika ludzkiego bezpiecze\u0144stwa (w tym Czynnik Ludzki) dla personelu organizacji obs\u0142ugi technicznej takiego jak: Personel kierowniczy; Personel certyfikuj\u0105cy, wspomagaj\u0105cy obs\u0142ug\u0119, mechanicy lotniczy; Pracownicy dzia\u0142\u00f3w planistycznych, in\u017cynierowie, personel dzia\u0142\u00f3w \u015bledzenia zapis\u00f3w; Pracownicy systemu kontroli jako\u015bci; Wyspecjalizowany personel obs\u0142ugowy; Pracownicy i instruktorzy zajmuj\u0105cy si\u0119 zagadnieniami czynnika ludzkiego; Pracownicy dzia\u0142\u00f3w zaopatrzenia [&hellip;]<\/p>\n","protected":false},"featured_media":0,"comment_status":"closed","ping_status":"closed","template":"","meta":{"_acf_changed":false,"inline_featured_image":false},"product_brand":[],"product_cat":[594],"product_tag":[],"plane-family":[],"training-type":[539],"license-category":[],"class_list":{"0":"post-20925","1":"product","2":"type-product","3":"status-publish","5":"product_cat-hf-pl","6":"training-type-e-learning","8":"first","9":"outofstock","10":"featured","11":"sold-individually","12":"taxable","13":"shipping-taxable","14":"product-type-variable"},"acf":[],"yoast_head":"<!-- This site is optimized with the Yoast SEO plugin v27.2 - https:\/\/yoast.com\/product\/yoast-seo-wordpress\/ -->\n<title>Szkolenie w zakresie bezpiecze\u0144stwa (w tym Czynnik Ludzki) - all4jets<\/title>\n<meta name=\"robots\" content=\"index, follow, max-snippet:-1, max-image-preview:large, max-video-preview:-1\" \/>\n<link rel=\"canonical\" href=\"https:\/\/all4jets.com\/pl\/produkt\/szkolenie-w-zakresie-bezpieczenstwa-w-tym-czynnik-ludzki\/\" \/>\n<meta property=\"og:locale\" content=\"pl_PL\" \/>\n<meta property=\"og:type\" content=\"article\" \/>\n<meta property=\"og:title\" content=\"Szkolenie w zakresie bezpiecze\u0144stwa (w tym Czynnik Ludzki) - all4jets\" \/>\n<meta property=\"og:description\" content=\"To szkolenie e-learningowe jest szkoleniem z zakresu czynnika ludzkiego bezpiecze\u0144stwa (w tym Czynnik Ludzki) dla personelu organizacji obs\u0142ugi technicznej takiego jak: Personel kierowniczy; Personel certyfikuj\u0105cy, wspomagaj\u0105cy obs\u0142ug\u0119, mechanicy lotniczy; Pracownicy dzia\u0142\u00f3w planistycznych, in\u017cynierowie, personel dzia\u0142\u00f3w \u015bledzenia zapis\u00f3w; Pracownicy systemu kontroli jako\u015bci; Wyspecjalizowany personel obs\u0142ugowy; Pracownicy i instruktorzy zajmuj\u0105cy si\u0119 zagadnieniami czynnika ludzkiego; Pracownicy dzia\u0142\u00f3w zaopatrzenia [&hellip;]\" \/>\n<meta property=\"og:url\" content=\"https:\/\/all4jets.com\/pl\/produkt\/szkolenie-w-zakresie-bezpieczenstwa-w-tym-czynnik-ludzki\/\" \/>\n<meta property=\"og:site_name\" content=\"all4jets\" \/>\n<meta property=\"article:modified_time\" content=\"2026-01-15T20:02:05+00:00\" \/>\n<meta name=\"twitter:card\" content=\"summary_large_image\" \/>\n<meta name=\"twitter:label1\" content=\"Est. reading time\" \/>\n\t<meta name=\"twitter:data1\" content=\"1 minute\" \/>\n<script type=\"application\/ld+json\" class=\"yoast-schema-graph\">{\"@context\":\"https:\/\/schema.org\",\"@graph\":[{\"@type\":\"WebPage\",\"@id\":\"https:\/\/all4jets.com\/pl\/produkt\/szkolenie-w-zakresie-bezpieczenstwa-w-tym-czynnik-ludzki\/\",\"url\":\"https:\/\/all4jets.com\/pl\/produkt\/szkolenie-w-zakresie-bezpieczenstwa-w-tym-czynnik-ludzki\/\",\"name\":\"Szkolenie w zakresie bezpiecze\u0144stwa (w tym Czynnik Ludzki) - all4jets\",\"isPartOf\":{\"@id\":\"https:\/\/all4jets.com\/pl\/#website\"},\"datePublished\":\"2025-02-02T19:30:56+00:00\",\"dateModified\":\"2026-01-15T20:02:05+00:00\",\"breadcrumb\":{\"@id\":\"https:\/\/all4jets.com\/pl\/produkt\/szkolenie-w-zakresie-bezpieczenstwa-w-tym-czynnik-ludzki\/#breadcrumb\"},\"inLanguage\":\"pl-PL\",\"potentialAction\":[{\"@type\":\"ReadAction\",\"target\":[\"https:\/\/all4jets.com\/pl\/produkt\/szkolenie-w-zakresie-bezpieczenstwa-w-tym-czynnik-ludzki\/\"]}]},{\"@type\":\"BreadcrumbList\",\"@id\":\"https:\/\/all4jets.com\/pl\/produkt\/szkolenie-w-zakresie-bezpieczenstwa-w-tym-czynnik-ludzki\/#breadcrumb\",\"itemListElement\":[{\"@type\":\"ListItem\",\"position\":1,\"name\":\"Home\",\"item\":\"https:\/\/dev-all4jets.headsapp.net\/pl\/\"},{\"@type\":\"ListItem\",\"position\":2,\"name\":\"E-learning\",\"item\":\"https:\/\/dev-all4jets.headsapp.net\/shop\/\"},{\"@type\":\"ListItem\",\"position\":3,\"name\":\"Szkolenie w zakresie bezpiecze\u0144stwa (w tym Czynnik Ludzki)\"}]},{\"@type\":\"WebSite\",\"@id\":\"https:\/\/all4jets.com\/pl\/#website\",\"url\":\"https:\/\/all4jets.com\/pl\/\",\"name\":\"all4jets\",\"description\":\"\",\"potentialAction\":[{\"@type\":\"SearchAction\",\"target\":{\"@type\":\"EntryPoint\",\"urlTemplate\":\"https:\/\/all4jets.com\/pl\/?s={search_term_string}\"},\"query-input\":{\"@type\":\"PropertyValueSpecification\",\"valueRequired\":true,\"valueName\":\"search_term_string\"}}],\"inLanguage\":\"pl-PL\"}]}<\/script>\n<!-- \/ Yoast SEO plugin. -->","yoast_head_json":{"title":"Szkolenie w zakresie bezpiecze\u0144stwa (w tym Czynnik Ludzki) - all4jets","robots":{"index":"index","follow":"follow","max-snippet":"max-snippet:-1","max-image-preview":"max-image-preview:large","max-video-preview":"max-video-preview:-1"},"canonical":"https:\/\/all4jets.com\/pl\/produkt\/szkolenie-w-zakresie-bezpieczenstwa-w-tym-czynnik-ludzki\/","og_locale":"pl_PL","og_type":"article","og_title":"Szkolenie w zakresie bezpiecze\u0144stwa (w tym Czynnik Ludzki) - all4jets","og_description":"To szkolenie e-learningowe jest szkoleniem z zakresu czynnika ludzkiego bezpiecze\u0144stwa (w tym Czynnik Ludzki) dla personelu organizacji obs\u0142ugi technicznej takiego jak: Personel kierowniczy; Personel certyfikuj\u0105cy, wspomagaj\u0105cy obs\u0142ug\u0119, mechanicy lotniczy; Pracownicy dzia\u0142\u00f3w planistycznych, in\u017cynierowie, personel dzia\u0142\u00f3w \u015bledzenia zapis\u00f3w; Pracownicy systemu kontroli jako\u015bci; Wyspecjalizowany personel obs\u0142ugowy; Pracownicy i instruktorzy zajmuj\u0105cy si\u0119 zagadnieniami czynnika ludzkiego; Pracownicy dzia\u0142\u00f3w zaopatrzenia [&hellip;]","og_url":"https:\/\/all4jets.com\/pl\/produkt\/szkolenie-w-zakresie-bezpieczenstwa-w-tym-czynnik-ludzki\/","og_site_name":"all4jets","article_modified_time":"2026-01-15T20:02:05+00:00","twitter_card":"summary_large_image","twitter_misc":{"Est. reading time":"1 minute"},"schema":{"@context":"https:\/\/schema.org","@graph":[{"@type":"WebPage","@id":"https:\/\/all4jets.com\/pl\/produkt\/szkolenie-w-zakresie-bezpieczenstwa-w-tym-czynnik-ludzki\/","url":"https:\/\/all4jets.com\/pl\/produkt\/szkolenie-w-zakresie-bezpieczenstwa-w-tym-czynnik-ludzki\/","name":"Szkolenie w zakresie bezpiecze\u0144stwa (w tym Czynnik Ludzki) - all4jets","isPartOf":{"@id":"https:\/\/all4jets.com\/pl\/#website"},"datePublished":"2025-02-02T19:30:56+00:00","dateModified":"2026-01-15T20:02:05+00:00","breadcrumb":{"@id":"https:\/\/all4jets.com\/pl\/produkt\/szkolenie-w-zakresie-bezpieczenstwa-w-tym-czynnik-ludzki\/#breadcrumb"},"inLanguage":"pl-PL","potentialAction":[{"@type":"ReadAction","target":["https:\/\/all4jets.com\/pl\/produkt\/szkolenie-w-zakresie-bezpieczenstwa-w-tym-czynnik-ludzki\/"]}]},{"@type":"BreadcrumbList","@id":"https:\/\/all4jets.com\/pl\/produkt\/szkolenie-w-zakresie-bezpieczenstwa-w-tym-czynnik-ludzki\/#breadcrumb","itemListElement":[{"@type":"ListItem","position":1,"name":"Home","item":"https:\/\/dev-all4jets.headsapp.net\/pl\/"},{"@type":"ListItem","position":2,"name":"E-learning","item":"https:\/\/dev-all4jets.headsapp.net\/shop\/"},{"@type":"ListItem","position":3,"name":"Szkolenie w zakresie bezpiecze\u0144stwa (w tym Czynnik Ludzki)"}]},{"@type":"WebSite","@id":"https:\/\/all4jets.com\/pl\/#website","url":"https:\/\/all4jets.com\/pl\/","name":"all4jets","description":"","potentialAction":[{"@type":"SearchAction","target":{"@type":"EntryPoint","urlTemplate":"https:\/\/all4jets.com\/pl\/?s={search_term_string}"},"query-input":{"@type":"PropertyValueSpecification","valueRequired":true,"valueName":"search_term_string"}}],"inLanguage":"pl-PL"}]}},"_links":{"self":[{"href":"https:\/\/all4jets.com\/pl\/wp-json\/wp\/v2\/product\/20925","targetHints":{"allow":["GET"]}}],"collection":[{"href":"https:\/\/all4jets.com\/pl\/wp-json\/wp\/v2\/product"}],"about":[{"href":"https:\/\/all4jets.com\/pl\/wp-json\/wp\/v2\/types\/product"}],"replies":[{"embeddable":true,"href":"https:\/\/all4jets.com\/pl\/wp-json\/wp\/v2\/comments?post=20925"}],"wp:attachment":[{"href":"https:\/\/all4jets.com\/pl\/wp-json\/wp\/v2\/media?parent=20925"}],"wp:term":[{"taxonomy":"product_brand","embeddable":true,"href":"https:\/\/all4jets.com\/pl\/wp-json\/wp\/v2\/product_brand?post=20925"},{"taxonomy":"product_cat","embeddable":true,"href":"https:\/\/all4jets.com\/pl\/wp-json\/wp\/v2\/product_cat?post=20925"},{"taxonomy":"product_tag","embeddable":true,"href":"https:\/\/all4jets.com\/pl\/wp-json\/wp\/v2\/product_tag?post=20925"},{"taxonomy":"plane-family","embeddable":true,"href":"https:\/\/all4jets.com\/pl\/wp-json\/wp\/v2\/plane-family?post=20925"},{"taxonomy":"training-type","embeddable":true,"href":"https:\/\/all4jets.com\/pl\/wp-json\/wp\/v2\/training-type?post=20925"},{"taxonomy":"license-category","embeddable":true,"href":"https:\/\/all4jets.com\/pl\/wp-json\/wp\/v2\/license-category?post=20925"}],"curies":[{"name":"wp","href":"https:\/\/api.w.org\/{rel}","templated":true}]}}