{"id":21124,"date":"2025-02-02T20:00:15","date_gmt":"2025-02-02T20:00:15","guid":{"rendered":"http:\/\/all4jets.local\/?post_type=product&#038;p=21124"},"modified":"2026-04-10T10:40:51","modified_gmt":"2026-04-10T10:40:51","slug":"przepisy-easa-part-145","status":"publish","type":"product","link":"https:\/\/all4jets.com\/pl\/produkt\/przepisy-easa-part-145\/","title":{"rendered":"Przepisy EASA Part-145"},"content":{"rendered":"<p>Szkolenie obejmuje wymagania okre\u015blone w Za\u0142\u0105czniku II &#8211; Cz\u0119\u015b\u0107 145 do Rozporz\u0105dzenia Komisji 1321\/2014. Szkolenie zapewnia wgl\u0105d w wymagania dla certyfikowanych przez EASA organizacji obs\u0142ugowych i jest dedykowane dla:<\/p>\n<ul>\n<li>Personelu obs\u0142ugowego<\/li>\n<li>Audytor\u00f3w jako\u015bci<\/li>\n<li>Mened\u017cer\u00f3w ds. jako\u015bci<\/li>\n<li>Os\u00f3b wyznaczonych<\/li>\n<\/ul>\n","protected":false},"excerpt":{"rendered":"<p>To szkolenie e-learningowe jest szkoleniem z zakresu og\u00f3lnych\u00a0przepis\u00f3w Part-145.\u00a0Po uko\u0144czeniu kursu uczestnik uzyskuje certyfikat.<\/p>\n","protected":false},"featured_media":0,"comment_status":"closed","ping_status":"closed","template":"","meta":{"_acf_changed":false,"inline_featured_image":false},"product_brand":[],"product_cat":[595],"product_tag":[],"plane-family":[],"training-type":[539],"license-category":[],"class_list":{"0":"post-21124","1":"product","2":"type-product","3":"status-publish","5":"product_cat-other-pl","6":"training-type-e-learning","8":"first","9":"instock","10":"sold-individually","11":"taxable","12":"shipping-taxable","13":"purchasable","14":"product-type-variable"},"acf":[],"yoast_head":"<!-- This site is optimized with the Yoast SEO plugin v27.2 - https:\/\/yoast.com\/product\/yoast-seo-wordpress\/ -->\n<title>Przepisy EASA Part-145 - all4jets<\/title>\n<meta name=\"robots\" content=\"index, follow, max-snippet:-1, max-image-preview:large, max-video-preview:-1\" \/>\n<link rel=\"canonical\" href=\"https:\/\/all4jets.com\/pl\/produkt\/przepisy-easa-part-145\/\" \/>\n<meta property=\"og:locale\" content=\"pl_PL\" \/>\n<meta property=\"og:type\" content=\"article\" \/>\n<meta property=\"og:title\" content=\"Przepisy EASA Part-145 - all4jets\" \/>\n<meta property=\"og:description\" content=\"To szkolenie e-learningowe jest szkoleniem z zakresu og\u00f3lnych\u00a0przepis\u00f3w Part-145.\u00a0Po uko\u0144czeniu kursu uczestnik uzyskuje certyfikat.\" \/>\n<meta property=\"og:url\" content=\"https:\/\/all4jets.com\/pl\/produkt\/przepisy-easa-part-145\/\" \/>\n<meta property=\"og:site_name\" content=\"all4jets\" \/>\n<meta property=\"article:modified_time\" content=\"2026-04-10T10:40:51+00:00\" \/>\n<meta name=\"twitter:card\" content=\"summary_large_image\" \/>\n<meta name=\"twitter:label1\" content=\"Est. reading time\" \/>\n\t<meta name=\"twitter:data1\" content=\"1 minute\" \/>\n<script type=\"application\/ld+json\" class=\"yoast-schema-graph\">{\"@context\":\"https:\/\/schema.org\",\"@graph\":[{\"@type\":\"WebPage\",\"@id\":\"https:\/\/all4jets.com\/pl\/produkt\/przepisy-easa-part-145\/\",\"url\":\"https:\/\/all4jets.com\/pl\/produkt\/przepisy-easa-part-145\/\",\"name\":\"Przepisy EASA Part-145 - all4jets\",\"isPartOf\":{\"@id\":\"https:\/\/all4jets.com\/pl\/#website\"},\"datePublished\":\"2025-02-02T20:00:15+00:00\",\"dateModified\":\"2026-04-10T10:40:51+00:00\",\"breadcrumb\":{\"@id\":\"https:\/\/all4jets.com\/pl\/produkt\/przepisy-easa-part-145\/#breadcrumb\"},\"inLanguage\":\"pl-PL\",\"potentialAction\":[{\"@type\":\"ReadAction\",\"target\":[\"https:\/\/all4jets.com\/pl\/produkt\/przepisy-easa-part-145\/\"]}]},{\"@type\":\"BreadcrumbList\",\"@id\":\"https:\/\/all4jets.com\/pl\/produkt\/przepisy-easa-part-145\/#breadcrumb\",\"itemListElement\":[{\"@type\":\"ListItem\",\"position\":1,\"name\":\"Home\",\"item\":\"https:\/\/dev-all4jets.headsapp.net\/pl\/\"},{\"@type\":\"ListItem\",\"position\":2,\"name\":\"E-learning\",\"item\":\"https:\/\/dev-all4jets.headsapp.net\/shop\/\"},{\"@type\":\"ListItem\",\"position\":3,\"name\":\"Przepisy EASA Part-145\"}]},{\"@type\":\"WebSite\",\"@id\":\"https:\/\/all4jets.com\/pl\/#website\",\"url\":\"https:\/\/all4jets.com\/pl\/\",\"name\":\"all4jets\",\"description\":\"\",\"potentialAction\":[{\"@type\":\"SearchAction\",\"target\":{\"@type\":\"EntryPoint\",\"urlTemplate\":\"https:\/\/all4jets.com\/pl\/?s={search_term_string}\"},\"query-input\":{\"@type\":\"PropertyValueSpecification\",\"valueRequired\":true,\"valueName\":\"search_term_string\"}}],\"inLanguage\":\"pl-PL\"}]}<\/script>\n<!-- \/ Yoast SEO plugin. -->","yoast_head_json":{"title":"Przepisy EASA Part-145 - all4jets","robots":{"index":"index","follow":"follow","max-snippet":"max-snippet:-1","max-image-preview":"max-image-preview:large","max-video-preview":"max-video-preview:-1"},"canonical":"https:\/\/all4jets.com\/pl\/produkt\/przepisy-easa-part-145\/","og_locale":"pl_PL","og_type":"article","og_title":"Przepisy EASA Part-145 - all4jets","og_description":"To szkolenie e-learningowe jest szkoleniem z zakresu og\u00f3lnych\u00a0przepis\u00f3w Part-145.\u00a0Po uko\u0144czeniu kursu uczestnik uzyskuje certyfikat.","og_url":"https:\/\/all4jets.com\/pl\/produkt\/przepisy-easa-part-145\/","og_site_name":"all4jets","article_modified_time":"2026-04-10T10:40:51+00:00","twitter_card":"summary_large_image","twitter_misc":{"Est. reading time":"1 minute"},"schema":{"@context":"https:\/\/schema.org","@graph":[{"@type":"WebPage","@id":"https:\/\/all4jets.com\/pl\/produkt\/przepisy-easa-part-145\/","url":"https:\/\/all4jets.com\/pl\/produkt\/przepisy-easa-part-145\/","name":"Przepisy EASA Part-145 - all4jets","isPartOf":{"@id":"https:\/\/all4jets.com\/pl\/#website"},"datePublished":"2025-02-02T20:00:15+00:00","dateModified":"2026-04-10T10:40:51+00:00","breadcrumb":{"@id":"https:\/\/all4jets.com\/pl\/produkt\/przepisy-easa-part-145\/#breadcrumb"},"inLanguage":"pl-PL","potentialAction":[{"@type":"ReadAction","target":["https:\/\/all4jets.com\/pl\/produkt\/przepisy-easa-part-145\/"]}]},{"@type":"BreadcrumbList","@id":"https:\/\/all4jets.com\/pl\/produkt\/przepisy-easa-part-145\/#breadcrumb","itemListElement":[{"@type":"ListItem","position":1,"name":"Home","item":"https:\/\/dev-all4jets.headsapp.net\/pl\/"},{"@type":"ListItem","position":2,"name":"E-learning","item":"https:\/\/dev-all4jets.headsapp.net\/shop\/"},{"@type":"ListItem","position":3,"name":"Przepisy EASA Part-145"}]},{"@type":"WebSite","@id":"https:\/\/all4jets.com\/pl\/#website","url":"https:\/\/all4jets.com\/pl\/","name":"all4jets","description":"","potentialAction":[{"@type":"SearchAction","target":{"@type":"EntryPoint","urlTemplate":"https:\/\/all4jets.com\/pl\/?s={search_term_string}"},"query-input":{"@type":"PropertyValueSpecification","valueRequired":true,"valueName":"search_term_string"}}],"inLanguage":"pl-PL"}]}},"_links":{"self":[{"href":"https:\/\/all4jets.com\/pl\/wp-json\/wp\/v2\/product\/21124","targetHints":{"allow":["GET"]}}],"collection":[{"href":"https:\/\/all4jets.com\/pl\/wp-json\/wp\/v2\/product"}],"about":[{"href":"https:\/\/all4jets.com\/pl\/wp-json\/wp\/v2\/types\/product"}],"replies":[{"embeddable":true,"href":"https:\/\/all4jets.com\/pl\/wp-json\/wp\/v2\/comments?post=21124"}],"wp:attachment":[{"href":"https:\/\/all4jets.com\/pl\/wp-json\/wp\/v2\/media?parent=21124"}],"wp:term":[{"taxonomy":"product_brand","embeddable":true,"href":"https:\/\/all4jets.com\/pl\/wp-json\/wp\/v2\/product_brand?post=21124"},{"taxonomy":"product_cat","embeddable":true,"href":"https:\/\/all4jets.com\/pl\/wp-json\/wp\/v2\/product_cat?post=21124"},{"taxonomy":"product_tag","embeddable":true,"href":"https:\/\/all4jets.com\/pl\/wp-json\/wp\/v2\/product_tag?post=21124"},{"taxonomy":"plane-family","embeddable":true,"href":"https:\/\/all4jets.com\/pl\/wp-json\/wp\/v2\/plane-family?post=21124"},{"taxonomy":"training-type","embeddable":true,"href":"https:\/\/all4jets.com\/pl\/wp-json\/wp\/v2\/training-type?post=21124"},{"taxonomy":"license-category","embeddable":true,"href":"https:\/\/all4jets.com\/pl\/wp-json\/wp\/v2\/license-category?post=21124"}],"curies":[{"name":"wp","href":"https:\/\/api.w.org\/{rel}","templated":true}]}}